{"id":1038,"date":"2020-11-13T11:09:52","date_gmt":"2020-11-13T11:09:52","guid":{"rendered":"https:\/\/wpa-water-treatment.com\/?page_id=1038"},"modified":"2021-05-04T11:44:49","modified_gmt":"2021-05-04T10:44:49","slug":"abwasserfiltration-wodasettlingtank-wodawaste","status":"publish","type":"page","link":"https:\/\/wpa-water-treatment.com\/de\/abwasserfiltration-wodasettlingtank-wodawaste\/","title":{"rendered":"Abwasserfiltration: WodaSettlingTank"},"content":{"rendered":"\n<div class=\"wp-block-columns is-layout-flex wp-container-core-columns-is-layout-1 wp-block-columns-is-layout-flex\">\n<div class=\"wp-block-column is-vertically-aligned-top is-layout-flow wp-block-column-is-layout-flow\">\n<figure class=\"wp-block-image size-large\"><img loading=\"lazy\" decoding=\"async\" width=\"1024\" height=\"1024\" src=\"https:\/\/wpa-water-treatment.com\/wp-content\/uploads\/2021\/05\/wodasettlingtank-3-1024x1024.jpeg\" alt=\"\" class=\"wp-image-1173\" srcset=\"https:\/\/wpa-water-treatment.com\/wp-content\/uploads\/2021\/05\/wodasettlingtank-3-1024x1024.jpeg 1024w, https:\/\/wpa-water-treatment.com\/wp-content\/uploads\/2021\/05\/wodasettlingtank-3-300x300.jpeg 300w, https:\/\/wpa-water-treatment.com\/wp-content\/uploads\/2021\/05\/wodasettlingtank-3-150x150.jpeg 150w, https:\/\/wpa-water-treatment.com\/wp-content\/uploads\/2021\/05\/wodasettlingtank-3-768x768.jpeg 768w, https:\/\/wpa-water-treatment.com\/wp-content\/uploads\/2021\/05\/wodasettlingtank-3-1536x1536.jpeg 1536w, https:\/\/wpa-water-treatment.com\/wp-content\/uploads\/2021\/05\/wodasettlingtank-3-12x12.jpeg 12w, https:\/\/wpa-water-treatment.com\/wp-content\/uploads\/2021\/05\/wodasettlingtank-3.jpeg 1600w\" sizes=\"(max-width: 1024px) 100vw, 1024px\" \/><\/figure>\n<\/div>\n\n\n\n<div class=\"wp-block-column is-vertically-aligned-center is-layout-flow wp-block-column-is-layout-flow\">\n<h4 class=\"wp-block-heading\">WodaSettlingTank: Trennung von Schwebstoffen und Abwasser<\/h4>\n\n\n\n<p>Mit Hilfe des WodaSettlingTank k\u00f6nnen Schwebstoffe (Sand, Abrieb) vom Wasser getrennt werden, bevor sie in den Abfluss gelangen. Durch die spezielle F\u00fchrung und Str\u00f6mung des Wassers in den 3-stufigen Tanks setzen sich die Stoffe in den Stahltanks ab.<\/p>\n\n\n\n<ul><li>Funktioniert ohne Strom<\/li><li>3 pulverbeschichtete Stahlbecken<\/li><li>Abwaschbare Filter<\/li><li>Spezieller Wasserdurchfluss zur Sedimentation von Schwebstoffen (Schleifmittel, Sand)<\/li><li>Wartungsarmer und st\u00f6rungsfreier Betrieb<\/li><\/ul>\n\n\n\n<div class=\"wp-block-buttons is-layout-flex wp-block-buttons-is-layout-flex\">\n<div class=\"wp-block-button\"><a class=\"wp-block-button__link\" href=\"https:\/\/wpa-shop.com\/de\/shop\/products\/water-treatment\/for-waste-water\/wodasettlingtank\/\" rel=\"noopener\">Zum Shop<\/a><\/div>\n<\/div>\n<\/div>\n<\/div>\n\n\n\n<figure class=\"wp-block-gallery columns-3 is-cropped wp-block-gallery-1 is-layout-flex wp-block-gallery-is-layout-flex\"><ul class=\"blocks-gallery-grid\"><li class=\"blocks-gallery-item\"><figure><img loading=\"lazy\" decoding=\"async\" width=\"1024\" height=\"1024\" src=\"https:\/\/wpa-water-treatment.com\/wp-content\/uploads\/2021\/05\/wodasettlingtank-1-1024x1024.jpeg\" alt=\"\" data-id=\"1168\" data-full-url=\"https:\/\/wpa-water-treatment.com\/wp-content\/uploads\/2021\/05\/wodasettlingtank-1.jpeg\" data-link=\"https:\/\/wpa-water-treatment.com\/wodasettlingtank-1\/\" class=\"wp-image-1168\" srcset=\"https:\/\/wpa-water-treatment.com\/wp-content\/uploads\/2021\/05\/wodasettlingtank-1-1024x1024.jpeg 1024w, https:\/\/wpa-water-treatment.com\/wp-content\/uploads\/2021\/05\/wodasettlingtank-1-300x300.jpeg 300w, https:\/\/wpa-water-treatment.com\/wp-content\/uploads\/2021\/05\/wodasettlingtank-1-150x150.jpeg 150w, https:\/\/wpa-water-treatment.com\/wp-content\/uploads\/2021\/05\/wodasettlingtank-1-768x768.jpeg 768w, https:\/\/wpa-water-treatment.com\/wp-content\/uploads\/2021\/05\/wodasettlingtank-1-1536x1536.jpeg 1536w, https:\/\/wpa-water-treatment.com\/wp-content\/uploads\/2021\/05\/wodasettlingtank-1-12x12.jpeg 12w, https:\/\/wpa-water-treatment.com\/wp-content\/uploads\/2021\/05\/wodasettlingtank-1.jpeg 1600w\" sizes=\"(max-width: 1024px) 100vw, 1024px\" \/><\/figure><\/li><li class=\"blocks-gallery-item\"><figure><img loading=\"lazy\" decoding=\"async\" width=\"1024\" height=\"1024\" src=\"https:\/\/wpa-water-treatment.com\/wp-content\/uploads\/2021\/05\/wodasettlingtank-7-1024x1024.jpeg\" alt=\"\" data-id=\"1171\" data-full-url=\"https:\/\/wpa-water-treatment.com\/wp-content\/uploads\/2021\/05\/wodasettlingtank-7.jpeg\" data-link=\"https:\/\/wpa-water-treatment.com\/wodasettlingtank-7\/\" class=\"wp-image-1171\" srcset=\"https:\/\/wpa-water-treatment.com\/wp-content\/uploads\/2021\/05\/wodasettlingtank-7-1024x1024.jpeg 1024w, https:\/\/wpa-water-treatment.com\/wp-content\/uploads\/2021\/05\/wodasettlingtank-7-300x300.jpeg 300w, https:\/\/wpa-water-treatment.com\/wp-content\/uploads\/2021\/05\/wodasettlingtank-7-150x150.jpeg 150w, https:\/\/wpa-water-treatment.com\/wp-content\/uploads\/2021\/05\/wodasettlingtank-7-768x768.jpeg 768w, https:\/\/wpa-water-treatment.com\/wp-content\/uploads\/2021\/05\/wodasettlingtank-7-1536x1536.jpeg 1536w, https:\/\/wpa-water-treatment.com\/wp-content\/uploads\/2021\/05\/wodasettlingtank-7-12x12.jpeg 12w, https:\/\/wpa-water-treatment.com\/wp-content\/uploads\/2021\/05\/wodasettlingtank-7.jpeg 1600w\" sizes=\"(max-width: 1024px) 100vw, 1024px\" \/><\/figure><\/li><li class=\"blocks-gallery-item\"><figure><img loading=\"lazy\" decoding=\"async\" width=\"1024\" height=\"1024\" src=\"https:\/\/wpa-water-treatment.com\/wp-content\/uploads\/2021\/05\/wodasettlingtank-5-1024x1024.jpeg\" alt=\"\" data-id=\"1170\" data-full-url=\"https:\/\/wpa-water-treatment.com\/wp-content\/uploads\/2021\/05\/wodasettlingtank-5.jpeg\" data-link=\"https:\/\/wpa-water-treatment.com\/wodasettlingtank-5\/\" class=\"wp-image-1170\" srcset=\"https:\/\/wpa-water-treatment.com\/wp-content\/uploads\/2021\/05\/wodasettlingtank-5-1024x1024.jpeg 1024w, https:\/\/wpa-water-treatment.com\/wp-content\/uploads\/2021\/05\/wodasettlingtank-5-300x300.jpeg 300w, https:\/\/wpa-water-treatment.com\/wp-content\/uploads\/2021\/05\/wodasettlingtank-5-150x150.jpeg 150w, https:\/\/wpa-water-treatment.com\/wp-content\/uploads\/2021\/05\/wodasettlingtank-5-768x768.jpeg 768w, https:\/\/wpa-water-treatment.com\/wp-content\/uploads\/2021\/05\/wodasettlingtank-5-1536x1536.jpeg 1536w, https:\/\/wpa-water-treatment.com\/wp-content\/uploads\/2021\/05\/wodasettlingtank-5-12x12.jpeg 12w, https:\/\/wpa-water-treatment.com\/wp-content\/uploads\/2021\/05\/wodasettlingtank-5.jpeg 1600w\" sizes=\"(max-width: 1024px) 100vw, 1024px\" \/><\/figure><\/li><li class=\"blocks-gallery-item\"><figure><img loading=\"lazy\" decoding=\"async\" width=\"1024\" height=\"1024\" src=\"https:\/\/wpa-water-treatment.com\/wp-content\/uploads\/2021\/05\/wodasettlingtank-4-1024x1024.jpeg\" alt=\"\" data-id=\"1174\" data-full-url=\"https:\/\/wpa-water-treatment.com\/wp-content\/uploads\/2021\/05\/wodasettlingtank-4.jpeg\" data-link=\"https:\/\/wpa-water-treatment.com\/wodasettlingtank-4\/\" class=\"wp-image-1174\" srcset=\"https:\/\/wpa-water-treatment.com\/wp-content\/uploads\/2021\/05\/wodasettlingtank-4-1024x1024.jpeg 1024w, https:\/\/wpa-water-treatment.com\/wp-content\/uploads\/2021\/05\/wodasettlingtank-4-300x300.jpeg 300w, https:\/\/wpa-water-treatment.com\/wp-content\/uploads\/2021\/05\/wodasettlingtank-4-150x150.jpeg 150w, https:\/\/wpa-water-treatment.com\/wp-content\/uploads\/2021\/05\/wodasettlingtank-4-768x768.jpeg 768w, https:\/\/wpa-water-treatment.com\/wp-content\/uploads\/2021\/05\/wodasettlingtank-4-1536x1536.jpeg 1536w, https:\/\/wpa-water-treatment.com\/wp-content\/uploads\/2021\/05\/wodasettlingtank-4-12x12.jpeg 12w, https:\/\/wpa-water-treatment.com\/wp-content\/uploads\/2021\/05\/wodasettlingtank-4.jpeg 1600w\" sizes=\"(max-width: 1024px) 100vw, 1024px\" \/><\/figure><\/li><li class=\"blocks-gallery-item\"><figure><img loading=\"lazy\" decoding=\"async\" width=\"1024\" height=\"1024\" src=\"https:\/\/wpa-water-treatment.com\/wp-content\/uploads\/2021\/05\/wodasettlingtank-2-1024x1024.jpeg\" alt=\"\" data-id=\"1172\" data-full-url=\"https:\/\/wpa-water-treatment.com\/wp-content\/uploads\/2021\/05\/wodasettlingtank-2.jpeg\" data-link=\"https:\/\/wpa-water-treatment.com\/wodasettlingtank-2\/\" class=\"wp-image-1172\" srcset=\"https:\/\/wpa-water-treatment.com\/wp-content\/uploads\/2021\/05\/wodasettlingtank-2-1024x1024.jpeg 1024w, https:\/\/wpa-water-treatment.com\/wp-content\/uploads\/2021\/05\/wodasettlingtank-2-300x300.jpeg 300w, https:\/\/wpa-water-treatment.com\/wp-content\/uploads\/2021\/05\/wodasettlingtank-2-150x150.jpeg 150w, https:\/\/wpa-water-treatment.com\/wp-content\/uploads\/2021\/05\/wodasettlingtank-2-768x768.jpeg 768w, https:\/\/wpa-water-treatment.com\/wp-content\/uploads\/2021\/05\/wodasettlingtank-2-1536x1536.jpeg 1536w, https:\/\/wpa-water-treatment.com\/wp-content\/uploads\/2021\/05\/wodasettlingtank-2-12x12.jpeg 12w, https:\/\/wpa-water-treatment.com\/wp-content\/uploads\/2021\/05\/wodasettlingtank-2.jpeg 1600w\" sizes=\"(max-width: 1024px) 100vw, 1024px\" \/><\/figure><\/li><\/ul><\/figure>\n","protected":false},"excerpt":{"rendered":"<p>WodaSettlingTank: Trennung von Schwebstoffen und Abwasser Mit Hilfe des WodaSettlingTank k\u00f6nnen Schwebstoffe (Sand, Abrieb) vom Wasser getrennt werden, bevor sie in den Abfluss gelangen. Durch die spezielle F\u00fchrung und Str\u00f6mung des Wassers in den 3-stufigen Tanks setzen sich die Stoffe in den Stahltanks ab. Funktioniert ohne Strom 3 pulverbeschichtete Stahlbecken Abwaschbare Filter Spezieller Wasserdurchfluss zur [&hellip;]<\/p>\n","protected":false},"author":1,"featured_media":0,"parent":0,"menu_order":0,"comment_status":"closed","ping_status":"closed","template":"","meta":{"ghostkit_customizer_options":"","ghostkit_custom_css":"","ghostkit_custom_js_head":"","ghostkit_custom_js_foot":"","ghostkit_typography":"","site-sidebar-layout":"default","site-content-layout":"default","ast-site-content-layout":"","site-content-style":"default","site-sidebar-style":"default","ast-global-header-display":"","ast-banner-title-visibility":"","ast-main-header-display":"","ast-hfb-above-header-display":"","ast-hfb-below-header-display":"","ast-hfb-mobile-header-display":"","site-post-title":"","ast-breadcrumbs-content":"","ast-featured-img":"","footer-sml-layout":"","theme-transparent-header-meta":"default","adv-header-id-meta":"","stick-header-meta":"default","header-above-stick-meta":"","header-main-stick-meta":"","header-below-stick-meta":"","astra-migrate-meta-layouts":"default","ast-page-background-enabled":"default","ast-page-background-meta":{"desktop":{"background-color":"","background-image":"","background-repeat":"repeat","background-position":"center center","background-size":"auto","background-attachment":"scroll","background-type":"","background-media":"","overlay-type":"","overlay-color":"","overlay-gradient":""},"tablet":{"background-color":"","background-image":"","background-repeat":"repeat","background-position":"center center","background-size":"auto","background-attachment":"scroll","background-type":"","background-media":"","overlay-type":"","overlay-color":"","overlay-gradient":""},"mobile":{"background-color":"","background-image":"","background-repeat":"repeat","background-position":"center center","background-size":"auto","background-attachment":"scroll","background-type":"","background-media":"","overlay-type":"","overlay-color":"","overlay-gradient":""}},"ast-content-background-meta":{"desktop":{"background-color":"var(--ast-global-color-5)","background-image":"","background-repeat":"repeat","background-position":"center center","background-size":"auto","background-attachment":"scroll","background-type":"","background-media":"","overlay-type":"","overlay-color":"","overlay-gradient":""},"tablet":{"background-color":"var(--ast-global-color-5)","background-image":"","background-repeat":"repeat","background-position":"center center","background-size":"auto","background-attachment":"scroll","background-type":"","background-media":"","overlay-type":"","overlay-color":"","overlay-gradient":""},"mobile":{"background-color":"var(--ast-global-color-5)","background-image":"","background-repeat":"repeat","background-position":"center center","background-size":"auto","background-attachment":"scroll","background-type":"","background-media":"","overlay-type":"","overlay-color":"","overlay-gradient":""}},"footnotes":""},"_links":{"self":[{"href":"https:\/\/wpa-water-treatment.com\/de\/wp-json\/wp\/v2\/pages\/1038"}],"collection":[{"href":"https:\/\/wpa-water-treatment.com\/de\/wp-json\/wp\/v2\/pages"}],"about":[{"href":"https:\/\/wpa-water-treatment.com\/de\/wp-json\/wp\/v2\/types\/page"}],"author":[{"embeddable":true,"href":"https:\/\/wpa-water-treatment.com\/de\/wp-json\/wp\/v2\/users\/1"}],"replies":[{"embeddable":true,"href":"https:\/\/wpa-water-treatment.com\/de\/wp-json\/wp\/v2\/comments?post=1038"}],"version-history":[{"count":10,"href":"https:\/\/wpa-water-treatment.com\/de\/wp-json\/wp\/v2\/pages\/1038\/revisions"}],"predecessor-version":[{"id":1181,"href":"https:\/\/wpa-water-treatment.com\/de\/wp-json\/wp\/v2\/pages\/1038\/revisions\/1181"}],"wp:attachment":[{"href":"https:\/\/wpa-water-treatment.com\/de\/wp-json\/wp\/v2\/media?parent=1038"}],"curies":[{"name":"wp","href":"https:\/\/api.w.org\/{rel}","templated":true}]}}