{"id":1196,"date":"2021-06-22T11:02:37","date_gmt":"2021-06-22T10:02:37","guid":{"rendered":"https:\/\/wpa-water-treatment.com\/?page_id=1196"},"modified":"2023-04-28T14:37:22","modified_gmt":"2023-04-28T13:37:22","slug":"entschlammungsanlage-mobil","status":"publish","type":"page","link":"https:\/\/wpa-water-treatment.com\/en\/desludging-plant-mobile\/","title":{"rendered":"Mobile desludging plant"},"content":{"rendered":"<div class=\"wp-block-media-text has-media-on-the-right is-stacked-on-mobile\" style=\"grid-template-columns:auto 42%\"><div class=\"wp-block-media-text__content\">\n<h1 class=\"wp-block-heading\" id=\"entschlammungsanlage-mobil-wodagarnetclean\">Waterjet abrasive removal:<br>WodaGarnetClean<\/h1>\n\n\n\n<p>Our WodaGarnetClean is a mobile desludging unit for removing sludge deposits in the cutting basin during ongoing cutting operation. WodaGarnetClean is operated exclusively with compressed air and can be used everywhere and without short-circuit risk due to this currentless concept.<\/p>\n\n\n\n<p>WodaGarnetClean is the mobile de-sludging system for cutting basins of all waterjet cutting machines. The system is very easy to operate, requires no training and saves the user strenuous manual shovelling, expensive extraction services and lengthy unnecessary production interruptions.<\/p>\n<\/div><figure class=\"wp-block-media-text__media\"><img loading=\"lazy\" decoding=\"async\" width=\"966\" height=\"1024\" src=\"https:\/\/wpa-water-treatment.com\/wp-content\/uploads\/2021\/02\/IMG_4118_hell-966x1024.jpg\" alt=\"Mobile desludging plant\" class=\"wp-image-1119 size-full\" srcset=\"https:\/\/wpa-water-treatment.com\/wp-content\/uploads\/2021\/02\/IMG_4118_hell-966x1024.jpg 966w, https:\/\/wpa-water-treatment.com\/wp-content\/uploads\/2021\/02\/IMG_4118_hell-283x300.jpg 283w, https:\/\/wpa-water-treatment.com\/wp-content\/uploads\/2021\/02\/IMG_4118_hell-768x814.jpg 768w, https:\/\/wpa-water-treatment.com\/wp-content\/uploads\/2021\/02\/IMG_4118_hell-11x12.jpg 11w, https:\/\/wpa-water-treatment.com\/wp-content\/uploads\/2021\/02\/IMG_4118_hell.jpg 1019w\" sizes=\"(max-width: 966px) 100vw, 966px\" \/><\/figure><\/div>\n\n\n\n<div style=\"height:25px\" aria-hidden=\"true\" class=\"wp-block-spacer\"><\/div>\n\n\n\n<pre class=\"wp-block-verse\">During abrasive waterjet cutting, a lot of sludge is being produced, which is deposited in the water collection tank day after day when cutting with a waterjet cutting machine. WodaGarnetClean is a sludge removal system that quickly and easily removes sludge without the need for error-prone electronics.<\/pre>\n\n\n\n<p>All companies that use waterjet cutting systems know the advantages of this efficient and innovative technology very well. Yet all companies also have to contend with a problem: cleaning the cutting basin of abrasive sludge is a major task for many. Within just one week, up to 800 kg of abrasive sludge can accumulate in some cases, and cleaning is still a heavy, sweaty task for many companies. Most of the time, the accumulated sludge has to be shovelled out of the cutting basin manually.<\/p>\n\n\n\n<p>Obviously, you can also hire a service provider to de-sludge the waterjet cutting system, but these companies are in general quite expensive. We have devised a solution that combats all these problems and makes your everyday life easier without costly electronic equipment. Our mobile de-sludging unit WodaGarnetClean removes all abrasive sludge in an environmentally friendly way.<\/p>\n\n\n\n<h2 class=\"wp-block-heading\" id=\"wodagarnetclean-entschlammungsanlage-mobil\">WodaGarnetClean - Mobile Desludging Plant<\/h2>\n\n\n\n<figure class=\"wp-block-gallery has-nested-images columns-3 is-cropped wp-block-gallery-1 is-layout-flex wp-block-gallery-is-layout-flex\">\n<figure class=\"wp-block-image size-large\"><img loading=\"lazy\" decoding=\"async\" width=\"966\" height=\"1024\" data-id=\"1119\" src=\"https:\/\/wpa-water-treatment.com\/wp-content\/uploads\/2021\/02\/IMG_4118_hell-966x1024.jpg\" alt=\"Mobile desludging plant\" class=\"wp-image-1119\" srcset=\"https:\/\/wpa-water-treatment.com\/wp-content\/uploads\/2021\/02\/IMG_4118_hell-966x1024.jpg 966w, https:\/\/wpa-water-treatment.com\/wp-content\/uploads\/2021\/02\/IMG_4118_hell-283x300.jpg 283w, https:\/\/wpa-water-treatment.com\/wp-content\/uploads\/2021\/02\/IMG_4118_hell-768x814.jpg 768w, https:\/\/wpa-water-treatment.com\/wp-content\/uploads\/2021\/02\/IMG_4118_hell-11x12.jpg 11w, https:\/\/wpa-water-treatment.com\/wp-content\/uploads\/2021\/02\/IMG_4118_hell.jpg 1019w\" sizes=\"(max-width: 966px) 100vw, 966px\" \/><figcaption class=\"wp-element-caption\">Mobile desludging plant<\/figcaption><\/figure>\n\n\n\n<figure class=\"wp-block-image size-large\"><img loading=\"lazy\" decoding=\"async\" width=\"1024\" height=\"864\" data-id=\"1122\" src=\"https:\/\/wpa-water-treatment.com\/wp-content\/uploads\/2021\/02\/IMG_4137_clean-1024x864.jpg\" alt=\"\" class=\"wp-image-1122\" srcset=\"https:\/\/wpa-water-treatment.com\/wp-content\/uploads\/2021\/02\/IMG_4137_clean-1024x864.jpg 1024w, https:\/\/wpa-water-treatment.com\/wp-content\/uploads\/2021\/02\/IMG_4137_clean-300x253.jpg 300w, https:\/\/wpa-water-treatment.com\/wp-content\/uploads\/2021\/02\/IMG_4137_clean-768x648.jpg 768w, https:\/\/wpa-water-treatment.com\/wp-content\/uploads\/2021\/02\/IMG_4137_clean-14x12.jpg 14w, https:\/\/wpa-water-treatment.com\/wp-content\/uploads\/2021\/02\/IMG_4137_clean.jpg 1080w\" sizes=\"(max-width: 1024px) 100vw, 1024px\" \/><\/figure>\n\n\n\n<figure class=\"wp-block-image size-large\"><img loading=\"lazy\" decoding=\"async\" width=\"1024\" height=\"683\" data-id=\"1123\" src=\"https:\/\/wpa-water-treatment.com\/wp-content\/uploads\/2021\/02\/IMG_4141-1024x683.jpg\" alt=\"\" class=\"wp-image-1123\" srcset=\"https:\/\/wpa-water-treatment.com\/wp-content\/uploads\/2021\/02\/IMG_4141-1024x683.jpg 1024w, https:\/\/wpa-water-treatment.com\/wp-content\/uploads\/2021\/02\/IMG_4141-300x200.jpg 300w, https:\/\/wpa-water-treatment.com\/wp-content\/uploads\/2021\/02\/IMG_4141-768x512.jpg 768w, https:\/\/wpa-water-treatment.com\/wp-content\/uploads\/2021\/02\/IMG_4141-16x12.jpg 16w, https:\/\/wpa-water-treatment.com\/wp-content\/uploads\/2021\/02\/IMG_4141.jpg 1080w\" sizes=\"(max-width: 1024px) 100vw, 1024px\" \/><figcaption class=\"wp-element-caption\">Entschlammungsanlage mobil im Detail: WodaGarnetClean<\/figcaption><\/figure>\n<\/figure>\n\n\n\n<div style=\"height:15px\" aria-hidden=\"true\" class=\"wp-block-spacer\"><\/div>\n\n\n\n<div class=\"wp-block-buttons is-horizontal is-content-justification-center is-layout-flex wp-container-core-buttons-is-layout-1 wp-block-buttons-is-layout-flex\">\n<div class=\"wp-block-button\"><a class=\"wp-block-button__link wp-element-button\" href=\"https:\/\/wpa-shop.com\/de\/shop\/wodagarnetclean\/\" rel=\"noopener\">View WodaGarnetClean in the shop<\/a><\/div>\n\n\n\n<div class=\"wp-block-button\"><a class=\"wp-block-button__link wp-element-button\" href=\"https:\/\/wpa-water-treatment.com\/en\/wodagarnetclean-2\/\">Learn more about WodaGarnetClean<\/a><\/div>\n<\/div>\n\n\n\n<div style=\"height:15px\" aria-hidden=\"true\" class=\"wp-block-spacer\"><\/div>\n\n\n\n<h2 class=\"wp-block-heading\" id=\"abrasivschlamm-entfernen-mit-wodagarnetclean\">Removing abrasive sludge with WodaGarnetClean<\/h2>\n\n\n\n<p>With our mobile manual abrasive removal system WodaGarnetClean you can quickly and easily remove abrasive sludge from absolutely any waterjet cutting system. The complete de-sludging system requires only compressed air (2-6 bar) and can be used variably wherever it is needed. We will be happy to advise you by telephone or e-mail if you require further information regarding WodaGarnetClean. We are also available to answer any other questions you may have on the subject of waterjet cutting.<\/p>","protected":false},"excerpt":{"rendered":"<p>Entschlammungsanlage Mobil:WodaGarnetClean Unser WodaGarnetClean ist eine mobile Entschlammungsanlage zur Beseitigung von Schlammablagerungen im Schneidbecken w\u00e4hrend des laufenden Schneidbetriebs. WodaGarnetClean wird ausschlie\u00dflich mit Druckluft betrieben und ist durch dieses stromlose Konzept \u00fcberall und ohne Kurzschlussrisiko einsetzbar. WodaGarnetClean ist die mobile Entschlammungsanlage f\u00fcr Schneidbecken von allen Wasserstrahlschneidanlagen. Das System ist sehr einfach zu bedienen, erfordert keine Schulung [&hellip;]<\/p>\n","protected":false},"author":2,"featured_media":0,"parent":0,"menu_order":0,"comment_status":"closed","ping_status":"closed","template":"","meta":{"ghostkit_customizer_options":"","ghostkit_custom_css":"","ghostkit_custom_js_head":"","ghostkit_custom_js_foot":"","ghostkit_typography":"","site-sidebar-layout":"default","site-content-layout":"default","ast-site-content-layout":"","site-content-style":"default","site-sidebar-style":"default","ast-global-header-display":"","ast-banner-title-visibility":"","ast-main-header-display":"","ast-hfb-above-header-display":"","ast-hfb-below-header-display":"","ast-hfb-mobile-header-display":"","site-post-title":"disabled","ast-breadcrumbs-content":"","ast-featured-img":"","footer-sml-layout":"","theme-transparent-header-meta":"default","adv-header-id-meta":"","stick-header-meta":"default","header-above-stick-meta":"","header-main-stick-meta":"","header-below-stick-meta":"","astra-migrate-meta-layouts":"default","ast-page-background-enabled":"default","ast-page-background-meta":{"desktop":{"background-color":"","background-image":"","background-repeat":"repeat","background-position":"center center","background-size":"auto","background-attachment":"scroll","background-type":"","background-media":"","overlay-type":"","overlay-color":"","overlay-gradient":""},"tablet":{"background-color":"","background-image":"","background-repeat":"repeat","background-position":"center center","background-size":"auto","background-attachment":"scroll","background-type":"","background-media":"","overlay-type":"","overlay-color":"","overlay-gradient":""},"mobile":{"background-color":"","background-image":"","background-repeat":"repeat","background-position":"center center","background-size":"auto","background-attachment":"scroll","background-type":"","background-media":"","overlay-type":"","overlay-color":"","overlay-gradient":""}},"ast-content-background-meta":{"desktop":{"background-color":"var(--ast-global-color-5)","background-image":"","background-repeat":"repeat","background-position":"center center","background-size":"auto","background-attachment":"scroll","background-type":"","background-media":"","overlay-type":"","overlay-color":"","overlay-gradient":""},"tablet":{"background-color":"var(--ast-global-color-5)","background-image":"","background-repeat":"repeat","background-position":"center center","background-size":"auto","background-attachment":"scroll","background-type":"","background-media":"","overlay-type":"","overlay-color":"","overlay-gradient":""},"mobile":{"background-color":"var(--ast-global-color-5)","background-image":"","background-repeat":"repeat","background-position":"center center","background-size":"auto","background-attachment":"scroll","background-type":"","background-media":"","overlay-type":"","overlay-color":"","overlay-gradient":""}},"footnotes":""},"_links":{"self":[{"href":"https:\/\/wpa-water-treatment.com\/en\/wp-json\/wp\/v2\/pages\/1196"}],"collection":[{"href":"https:\/\/wpa-water-treatment.com\/en\/wp-json\/wp\/v2\/pages"}],"about":[{"href":"https:\/\/wpa-water-treatment.com\/en\/wp-json\/wp\/v2\/types\/page"}],"author":[{"embeddable":true,"href":"https:\/\/wpa-water-treatment.com\/en\/wp-json\/wp\/v2\/users\/2"}],"replies":[{"embeddable":true,"href":"https:\/\/wpa-water-treatment.com\/en\/wp-json\/wp\/v2\/comments?post=1196"}],"version-history":[{"count":10,"href":"https:\/\/wpa-water-treatment.com\/en\/wp-json\/wp\/v2\/pages\/1196\/revisions"}],"predecessor-version":[{"id":1311,"href":"https:\/\/wpa-water-treatment.com\/en\/wp-json\/wp\/v2\/pages\/1196\/revisions\/1311"}],"wp:attachment":[{"href":"https:\/\/wpa-water-treatment.com\/en\/wp-json\/wp\/v2\/media?parent=1196"}],"curies":[{"name":"wp","href":"https:\/\/api.w.org\/{rel}","templated":true}]}}