{"id":1227,"date":"2021-06-22T12:20:44","date_gmt":"2021-06-22T11:20:44","guid":{"rendered":"https:\/\/wpa-water-treatment.com\/?page_id=1227"},"modified":"2023-04-28T14:37:46","modified_gmt":"2023-04-28T13:37:46","slug":"entschlammungsanlage","status":"publish","type":"page","link":"https:\/\/wpa-water-treatment.com\/en\/desludging-plant\/","title":{"rendered":"Desludging plant"},"content":{"rendered":"<div class=\"wp-block-media-text has-media-on-the-right is-stacked-on-mobile\" style=\"grid-template-columns:auto 42%\"><div class=\"wp-block-media-text__content\">\n<h1 class=\"wp-block-heading\" id=\"entschlammungsanlage-mobil-wodagarnetclean\">Waterjet abrasive removal:<br>WodaGarnetClean<\/h1>\n\n\n\n<p>Our WodaGarnetClean is a mobile desludging system suitable for removing sludge deposits in the waterjet cutting basin during ongoing cutting operation. WodaGarnetClean only requires compressed air and can be used anywhere without any short-circuit risk due to this powerless concept. WodaGarnetClean can also be regarded as a universal desludging system, as our solution is compatible with every waterjet cutting machine manufacturer.<\/p>\n\n\n\n<p>The WodaGarnetClean mobile de-sludging system is suitable for cutting basins of all waterjet cutting systems and of any size. The system is simple and intuitive to operate, requires no training and saves you strenuous manual shovelling, expensive extraction services and lengthy production interruptions.<\/p>\n<\/div><figure class=\"wp-block-media-text__media\"><img loading=\"lazy\" decoding=\"async\" width=\"966\" height=\"1024\" src=\"https:\/\/wpa-water-treatment.com\/wp-content\/uploads\/2021\/02\/IMG_4118_hell-966x1024.jpg\" alt=\"Mobile desludging plant\" class=\"wp-image-1119 size-full\" srcset=\"https:\/\/wpa-water-treatment.com\/wp-content\/uploads\/2021\/02\/IMG_4118_hell-966x1024.jpg 966w, https:\/\/wpa-water-treatment.com\/wp-content\/uploads\/2021\/02\/IMG_4118_hell-283x300.jpg 283w, https:\/\/wpa-water-treatment.com\/wp-content\/uploads\/2021\/02\/IMG_4118_hell-768x814.jpg 768w, https:\/\/wpa-water-treatment.com\/wp-content\/uploads\/2021\/02\/IMG_4118_hell-11x12.jpg 11w, https:\/\/wpa-water-treatment.com\/wp-content\/uploads\/2021\/02\/IMG_4118_hell.jpg 1019w\" sizes=\"(max-width: 966px) 100vw, 966px\" \/><\/figure><\/div>\n\n\n\n<div style=\"height:25px\" aria-hidden=\"true\" class=\"wp-block-spacer\"><\/div>\n\n\n\n<pre class=\"wp-block-verse\">Abrasive waterjet cutting produces a lot of sludge that settles in the water collection tank day after day when operating a waterjet cutting machine. WodaGarnetClean is a desludging system that simply removes the sludge without error-prone electronics.<\/pre>\n\n\n\n<p>All companies that use waterjet cutting systems are well aware of the advantages of this technology and appreciate producing efficiently and innovatively. However, all companies have to deal with the same problem: the labour-intensive cleaning of the cutting tank from abrasive sludge is a major task. In just one week, sometimes up to 800 kg of sludge can accumulate in the water collection tank, and cleaning is still a heavy, sweaty task for many companies. Most of the time, the accumulated sludge has to be shovelled out of the cutting basin in a time-consuming and manual manner.<\/p>\n\n\n\n<p>Of course, you can also hire an external service provider to de-sludge your waterjet cutting system, but these companies are usually quite expensive. We, the Waterjet Productions Academy, have developed a solution that combats all these problems and makes your everyday life easier without the need for complex electronic equipment. Our product WodaGarnetClean is a mobile desludging unit that removes all abrasive sludge in an environmentally friendly way.<\/p>\n\n\n\n<h2 class=\"wp-block-heading\" id=\"wodagarnetclean-entschlammungsanlage-einfach-und-mobil\">WodaGarnetClean desludging system - Simple and mobile<\/h2>\n\n\n\n<figure class=\"wp-block-gallery has-nested-images columns-3 is-cropped wp-block-gallery-1 is-layout-flex wp-block-gallery-is-layout-flex\">\n<figure class=\"wp-block-image size-large\"><img loading=\"lazy\" decoding=\"async\" width=\"966\" height=\"1024\" data-id=\"1119\" src=\"https:\/\/wpa-water-treatment.com\/wp-content\/uploads\/2021\/02\/IMG_4118_hell-966x1024.jpg\" alt=\"Mobile desludging plant\" class=\"wp-image-1119\" srcset=\"https:\/\/wpa-water-treatment.com\/wp-content\/uploads\/2021\/02\/IMG_4118_hell-966x1024.jpg 966w, https:\/\/wpa-water-treatment.com\/wp-content\/uploads\/2021\/02\/IMG_4118_hell-283x300.jpg 283w, https:\/\/wpa-water-treatment.com\/wp-content\/uploads\/2021\/02\/IMG_4118_hell-768x814.jpg 768w, https:\/\/wpa-water-treatment.com\/wp-content\/uploads\/2021\/02\/IMG_4118_hell-11x12.jpg 11w, https:\/\/wpa-water-treatment.com\/wp-content\/uploads\/2021\/02\/IMG_4118_hell.jpg 1019w\" sizes=\"(max-width: 966px) 100vw, 966px\" \/><figcaption class=\"wp-element-caption\">Mobile desludging plant<\/figcaption><\/figure>\n\n\n\n<figure class=\"wp-block-image size-large\"><img loading=\"lazy\" decoding=\"async\" width=\"1024\" height=\"864\" data-id=\"1122\" src=\"https:\/\/wpa-water-treatment.com\/wp-content\/uploads\/2021\/02\/IMG_4137_clean-1024x864.jpg\" alt=\"\" class=\"wp-image-1122\" srcset=\"https:\/\/wpa-water-treatment.com\/wp-content\/uploads\/2021\/02\/IMG_4137_clean-1024x864.jpg 1024w, https:\/\/wpa-water-treatment.com\/wp-content\/uploads\/2021\/02\/IMG_4137_clean-300x253.jpg 300w, https:\/\/wpa-water-treatment.com\/wp-content\/uploads\/2021\/02\/IMG_4137_clean-768x648.jpg 768w, https:\/\/wpa-water-treatment.com\/wp-content\/uploads\/2021\/02\/IMG_4137_clean-14x12.jpg 14w, https:\/\/wpa-water-treatment.com\/wp-content\/uploads\/2021\/02\/IMG_4137_clean.jpg 1080w\" sizes=\"(max-width: 1024px) 100vw, 1024px\" \/><\/figure>\n\n\n\n<figure class=\"wp-block-image size-large\"><img loading=\"lazy\" decoding=\"async\" width=\"1024\" height=\"683\" data-id=\"1123\" src=\"https:\/\/wpa-water-treatment.com\/wp-content\/uploads\/2021\/02\/IMG_4141-1024x683.jpg\" alt=\"\" class=\"wp-image-1123\" srcset=\"https:\/\/wpa-water-treatment.com\/wp-content\/uploads\/2021\/02\/IMG_4141-1024x683.jpg 1024w, https:\/\/wpa-water-treatment.com\/wp-content\/uploads\/2021\/02\/IMG_4141-300x200.jpg 300w, https:\/\/wpa-water-treatment.com\/wp-content\/uploads\/2021\/02\/IMG_4141-768x512.jpg 768w, https:\/\/wpa-water-treatment.com\/wp-content\/uploads\/2021\/02\/IMG_4141-16x12.jpg 16w, https:\/\/wpa-water-treatment.com\/wp-content\/uploads\/2021\/02\/IMG_4141.jpg 1080w\" sizes=\"(max-width: 1024px) 100vw, 1024px\" \/><figcaption class=\"wp-element-caption\">Entschlammungsanlage mobil im Detail: WodaGarnetClean<\/figcaption><\/figure>\n<\/figure>\n\n\n\n<div style=\"height:15px\" aria-hidden=\"true\" class=\"wp-block-spacer\"><\/div>\n\n\n\n<div class=\"wp-block-buttons is-horizontal is-content-justification-center is-layout-flex wp-container-core-buttons-is-layout-1 wp-block-buttons-is-layout-flex\">\n<div class=\"wp-block-button\"><a class=\"wp-block-button__link wp-element-button\" href=\"https:\/\/wpa-shop.com\/de\/shop\/wodagarnetclean\/\" rel=\"noopener\">View WodaGarnetClean in the shop<\/a><\/div>\n\n\n\n<div class=\"wp-block-button\"><a class=\"wp-block-button__link wp-element-button\" href=\"https:\/\/wpa-water-treatment.com\/en\/wodagarnetclean-2\/\">Learn more about WodaGarnetClean<\/a><\/div>\n<\/div>\n\n\n\n<div style=\"height:15px\" aria-hidden=\"true\" class=\"wp-block-spacer\"><\/div>\n\n\n\n<h2 class=\"wp-block-heading\" id=\"abrasivschlamm-entfernen-mit-wodagarnetclean\">Removing abrasive sludge with WodaGarnetClean<\/h2>\n\n\n\n<p>With our mobile manual abrasive removal system WodaGarnetClean you can quickly and easily remove abrasive sludge from absolutely any waterjet cutting system. The complete de-sludging system requires only compressed air (2-6 bar) and can be used variably wherever it is needed. We will be happy to advise you by telephone or e-mail if you require further information regarding WodaGarnetClean. We are also available to answer any other questions you may have on the subject of waterjet cutting.<\/p>","protected":false},"excerpt":{"rendered":"<p>Entschlammungsanlage Mobil:WodaGarnetClean Unser WodaGarnetClean ist eine mobile Entschlammungsanlage geeignet zur Beseitigung von Schlammablagerungen im Wasserstrahlschneidbecken w\u00e4hrend des laufenden Schneidbetriebs. WodaGarnetClean ben\u00f6tigt lediglich Druckluft und ist durch dieses stromlose Konzept \u00fcberall und ohne Kurzschlussrisiko einsetzbar. Auch ist WodaGarnetClean als universelle Entschlammungsanlage anzusehen, da unsere L\u00f6sung mit jedem Wasserstrahlschneidemaschinen Hersteller kompatibel ist. Die mobile Entschlammungsanlage WodaGarnetClean ist [&hellip;]<\/p>\n","protected":false},"author":2,"featured_media":0,"parent":0,"menu_order":0,"comment_status":"closed","ping_status":"closed","template":"","meta":{"ghostkit_customizer_options":"","ghostkit_custom_css":"","ghostkit_custom_js_head":"","ghostkit_custom_js_foot":"","ghostkit_typography":"","site-sidebar-layout":"default","site-content-layout":"default","ast-site-content-layout":"","site-content-style":"default","site-sidebar-style":"default","ast-global-header-display":"","ast-banner-title-visibility":"","ast-main-header-display":"","ast-hfb-above-header-display":"","ast-hfb-below-header-display":"","ast-hfb-mobile-header-display":"","site-post-title":"disabled","ast-breadcrumbs-content":"","ast-featured-img":"","footer-sml-layout":"","theme-transparent-header-meta":"default","adv-header-id-meta":"","stick-header-meta":"default","header-above-stick-meta":"","header-main-stick-meta":"","header-below-stick-meta":"","astra-migrate-meta-layouts":"default","ast-page-background-enabled":"default","ast-page-background-meta":{"desktop":{"background-color":"","background-image":"","background-repeat":"repeat","background-position":"center center","background-size":"auto","background-attachment":"scroll","background-type":"","background-media":"","overlay-type":"","overlay-color":"","overlay-gradient":""},"tablet":{"background-color":"","background-image":"","background-repeat":"repeat","background-position":"center center","background-size":"auto","background-attachment":"scroll","background-type":"","background-media":"","overlay-type":"","overlay-color":"","overlay-gradient":""},"mobile":{"background-color":"","background-image":"","background-repeat":"repeat","background-position":"center center","background-size":"auto","background-attachment":"scroll","background-type":"","background-media":"","overlay-type":"","overlay-color":"","overlay-gradient":""}},"ast-content-background-meta":{"desktop":{"background-color":"var(--ast-global-color-5)","background-image":"","background-repeat":"repeat","background-position":"center center","background-size":"auto","background-attachment":"scroll","background-type":"","background-media":"","overlay-type":"","overlay-color":"","overlay-gradient":""},"tablet":{"background-color":"var(--ast-global-color-5)","background-image":"","background-repeat":"repeat","background-position":"center center","background-size":"auto","background-attachment":"scroll","background-type":"","background-media":"","overlay-type":"","overlay-color":"","overlay-gradient":""},"mobile":{"background-color":"var(--ast-global-color-5)","background-image":"","background-repeat":"repeat","background-position":"center center","background-size":"auto","background-attachment":"scroll","background-type":"","background-media":"","overlay-type":"","overlay-color":"","overlay-gradient":""}},"footnotes":""},"_links":{"self":[{"href":"https:\/\/wpa-water-treatment.com\/en\/wp-json\/wp\/v2\/pages\/1227"}],"collection":[{"href":"https:\/\/wpa-water-treatment.com\/en\/wp-json\/wp\/v2\/pages"}],"about":[{"href":"https:\/\/wpa-water-treatment.com\/en\/wp-json\/wp\/v2\/types\/page"}],"author":[{"embeddable":true,"href":"https:\/\/wpa-water-treatment.com\/en\/wp-json\/wp\/v2\/users\/2"}],"replies":[{"embeddable":true,"href":"https:\/\/wpa-water-treatment.com\/en\/wp-json\/wp\/v2\/comments?post=1227"}],"version-history":[{"count":8,"href":"https:\/\/wpa-water-treatment.com\/en\/wp-json\/wp\/v2\/pages\/1227\/revisions"}],"predecessor-version":[{"id":1312,"href":"https:\/\/wpa-water-treatment.com\/en\/wp-json\/wp\/v2\/pages\/1227\/revisions\/1312"}],"wp:attachment":[{"href":"https:\/\/wpa-water-treatment.com\/en\/wp-json\/wp\/v2\/media?parent=1227"}],"curies":[{"name":"wp","href":"https:\/\/api.w.org\/{rel}","templated":true}]}}