{"id":1247,"date":"2021-06-30T10:03:39","date_gmt":"2021-06-30T09:03:39","guid":{"rendered":"https:\/\/wpa-water-treatment.com\/?page_id=1247"},"modified":"2023-04-28T14:38:17","modified_gmt":"2023-04-28T13:38:17","slug":"wasseraufbereitung-wasserstrahlschneiden","status":"publish","type":"page","link":"https:\/\/wpa-water-treatment.com\/en\/water-treatment-waterjet-cutting\/","title":{"rendered":"Water treatment Water jet cutting"},"content":{"rendered":"<h1 class=\"wp-block-heading\" id=\"wasseraufbereitung-wasserstrahlschneiden\">Water treatment Water jet cutting<\/h1>\n\n\n\n<p>Waterjet cutting requires pressures of up to 6000 bar, such high pressures stress all components and reveal even minor defects in the water quality. With a good water treatment system, you get an extended lifetime for your components and parts. In particular, your maintenance can be planned. Your components will no longer fail due to damage caused by poor water quality.<\/p>\n\n\n\n<h2 class=\"wp-block-heading\" id=\"wasseraufbereitung-wasserstrahlschneiden-warum-ist-das-wichtig\">Water treatment Waterjet cutting - Why is it important?<\/h2>\n\n\n\n<div style=\"height:10px\" aria-hidden=\"true\" class=\"wp-block-spacer\"><\/div>\n\n\n\n<div class=\"wp-block-columns is-layout-flex wp-container-core-columns-is-layout-1 wp-block-columns-is-layout-flex\">\n<div class=\"wp-block-column is-layout-flow wp-block-column-is-layout-flow\">\n<p><strong>It is often assumed that clear drinking water or tap water is clean and free of pollutants.<\/strong><\/p>\n\n\n\n<p>For many years now, drinking water suppliers have been adding additional silicic acid (SiO\u00b2) to the water. This is healthy for humans, but unfortunately not for the nozzles of waterjet cutting systems.<\/p>\n\n\n\n<p>In a test, we compared two identical nozzles. One nozzle was operated with poor resp. untreated cutting water, the other nozzle was operated with treated and filtered water.<\/p>\n\n\n\n<p>In the nozzle, which was operated with untreated water, you can clearly see the deposits of silicic acid. The deposits were so extreme that clean cuts were no longer possible.<\/p>\n\n\n\n<p>The other nozzle was operated with water that was treated and filtered by our complete solution WodaCodeGreen. Despite an identical working time, an extreme difference can be seen. Due to such deposits, it is necessary to replace components more often.<\/p>\n<\/div>\n\n\n\n<div class=\"wp-block-column is-layout-flow wp-block-column-is-layout-flow\">\n<figure class=\"ghostkit-image-compare ghostkit-custom-y1y0c ghostkit-custom-y1y0c\"><div class=\"ghostkit-image-compare-images\"><div class=\"ghostkit-image-compare-image-before\"><img loading=\"lazy\" decoding=\"async\" src=\"https:\/\/wpa-water-treatment.com\/wp-content\/uploads\/2021\/06\/Unbehandelt-1024x1024.jpg\" alt=\"\" class=\"wp-image-1256\" width=\"1024\" height=\"1024\" srcset=\"https:\/\/wpa-water-treatment.com\/wp-content\/uploads\/2021\/06\/Unbehandelt-1024x1024.jpg 1024w, https:\/\/wpa-water-treatment.com\/wp-content\/uploads\/2021\/06\/Unbehandelt-300x300.jpg 300w, https:\/\/wpa-water-treatment.com\/wp-content\/uploads\/2021\/06\/Unbehandelt-150x150.jpg 150w, https:\/\/wpa-water-treatment.com\/wp-content\/uploads\/2021\/06\/Unbehandelt-768x768.jpg 768w, https:\/\/wpa-water-treatment.com\/wp-content\/uploads\/2021\/06\/Unbehandelt-12x12.jpg 12w, https:\/\/wpa-water-treatment.com\/wp-content\/uploads\/2021\/06\/Unbehandelt.jpg 1400w\" sizes=\"(max-width: 1024px) 100vw, 1024px\" \/><\/div><div class=\"ghostkit-image-compare-image-after\"><img loading=\"lazy\" decoding=\"async\" src=\"https:\/\/wpa-water-treatment.com\/wp-content\/uploads\/2021\/06\/WCG-1024x1024.jpg\" alt=\"Water treatment Water jet cutting\" class=\"wp-image-1255\" width=\"1024\" height=\"1024\" srcset=\"https:\/\/wpa-water-treatment.com\/wp-content\/uploads\/2021\/06\/WCG-1024x1024.jpg 1024w, https:\/\/wpa-water-treatment.com\/wp-content\/uploads\/2021\/06\/WCG-300x300.jpg 300w, https:\/\/wpa-water-treatment.com\/wp-content\/uploads\/2021\/06\/WCG-150x150.jpg 150w, https:\/\/wpa-water-treatment.com\/wp-content\/uploads\/2021\/06\/WCG-768x768.jpg 768w, https:\/\/wpa-water-treatment.com\/wp-content\/uploads\/2021\/06\/WCG-12x12.jpg 12w, https:\/\/wpa-water-treatment.com\/wp-content\/uploads\/2021\/06\/WCG.jpg 1400w\" sizes=\"(max-width: 1024px) 100vw, 1024px\" \/><\/div><div class=\"ghostkit-image-compare-images-divider\"><div class=\"ghostkit-image-compare-images-divider-button-arrow-left\"><svg class=\"ghostkit-svg-icon\" width=\"24\" height=\"24\" viewbox=\"0 0 24 24\" fill=\"none\" xmlns=\"http:\/\/www.w3.org\/2000\/svg\"><path d=\"M14.7803 17.7803C14.4874 18.0732 14.0126 18.0732 13.7197 17.7803L8.4697 12.5303C8.1768 12.2374 8.1768 11.7626 8.4697 11.4697L13.7197 6.21967C14.0126 5.92678 14.4874 5.92678 14.7803 6.21967C15.0732 6.51256 15.0732 6.98744 14.7803 7.28033L10.0607 12L14.7803 16.7197C15.0732 17.0126 15.0732 17.4874 14.7803 17.7803Z\" fill=\"currentColor\"><\/path><\/svg><\/div><div class=\"ghostkit-image-compare-images-divider-button-arrow-right\"><svg class=\"ghostkit-svg-icon\" width=\"24\" height=\"24\" viewbox=\"0 0 24 24\" fill=\"none\" xmlns=\"http:\/\/www.w3.org\/2000\/svg\"><path d=\"M9.21967 6.2197C9.51256 5.9268 9.98744 5.9268 10.2803 6.2197L15.5303 11.4697C15.8232 11.7626 15.8232 12.2374 15.5303 12.5303L10.2803 17.7803C9.98744 18.0732 9.51256 18.0732 9.21967 17.7803C8.92678 17.4874 8.92678 17.0126 9.21967 16.7197L13.9393 12L9.21967 7.2803C8.92678 6.9874 8.92678 6.5126 9.21967 6.2197Z\" fill=\"currentColor\"><\/path><\/svg><\/div><\/div><\/div><figcaption class=\"ghostkit-image-compare-caption\">Comparison of two identical diamond nozzles<br>Left: untreated cutting water<br>Right: Cutting water treated with WodaCodeGreen<\/figcaption><\/figure>\n<\/div>\n<\/div>\n\n\n\n<pre class=\"wp-block-verse\">Our WodaCode filter system protects the sensitive high-pressure system of waterjet cutting machines from contamination, reducing wear and maintenance costs.<\/pre>\n\n\n\n<p>Wasseraufbereitungsanlagen sind technische Anlagen, die Wasser gezielt f\u00fcr bestimmte Anforderungen aufbereiten. Die entsprechenden Anforderungen sind gerade beim Wasserstrahlschneiden sehr hoch. Das Trink- bzw. Leitungswasser enth\u00e4lt \u00fcber 20 Stoffe, die sich negativ auf s\u00e4mtliche Bauteile auswirken k\u00f6nnen. Von kleinen Sch\u00e4den, wie einer defekten D\u00fcse, bis zu defekten Verdichter, welche durch einen Dichtungsschaden zerst\u00f6rt wurden.<\/p>\n\n\n\n<p><\/p>\n\n\n\n<div class=\"wp-block-cover aligncenter is-light\"><span aria-hidden=\"true\" class=\"wp-block-cover__background has-background-dim\"><\/span><img loading=\"lazy\" decoding=\"async\" width=\"1918\" height=\"1080\" class=\"wp-block-cover__image-background wp-image-915\" alt=\"\" src=\"https:\/\/wpa-water-treatment.com\/wp-content\/uploads\/2020\/11\/wodacodeheader-web2.jpg\" data-object-fit=\"cover\" srcset=\"https:\/\/wpa-water-treatment.com\/wp-content\/uploads\/2020\/11\/wodacodeheader-web2.jpg 1918w, https:\/\/wpa-water-treatment.com\/wp-content\/uploads\/2020\/11\/wodacodeheader-web2-300x169.jpg 300w, https:\/\/wpa-water-treatment.com\/wp-content\/uploads\/2020\/11\/wodacodeheader-web2-1024x577.jpg 1024w, https:\/\/wpa-water-treatment.com\/wp-content\/uploads\/2020\/11\/wodacodeheader-web2-768x432.jpg 768w, https:\/\/wpa-water-treatment.com\/wp-content\/uploads\/2020\/11\/wodacodeheader-web2-1536x865.jpg 1536w, https:\/\/wpa-water-treatment.com\/wp-content\/uploads\/2020\/11\/wodacodeheader-web2-16x9.jpg 16w\" sizes=\"(max-width: 1918px) 100vw, 1918px\" \/><div class=\"wp-block-cover__inner-container is-layout-flow wp-block-cover-is-layout-flow\">\n<p class=\"has-text-align-center has-large-font-size\">Would you like to extend the service life of your components?<br>Learn more about WodaCodeGreen.<br>We are happy to advise you.<\/p>\n\n\n\n<div class=\"wp-block-buttons is-horizontal is-content-justification-center is-layout-flex wp-container-core-buttons-is-layout-1 wp-block-buttons-is-layout-flex\">\n<div class=\"wp-block-button\"><a class=\"wp-block-button__link wp-element-button\" href=\"https:\/\/wpa-water-treatment.com\/en\/wodacodegreen\/\">More about WodaCodeGreen<\/a><\/div>\n\n\n\n<div class=\"wp-block-button\"><a class=\"wp-block-button__link wp-element-button\" href=\"#contact\">Contact us<\/a><\/div>\n\n\n\n<div class=\"wp-block-button\"><a class=\"wp-block-button__link wp-element-button\" href=\"https:\/\/wpa-shop.com\/de\/shop\/wodacodegreen\/\" rel=\"noopener\">WodaCodeGreen in the shop<\/a><\/div>\n<\/div>\n<\/div><\/div>\n\n\n\n<figure class=\"wp-block-gallery has-nested-images columns-default is-cropped wp-block-gallery-1 is-layout-flex wp-block-gallery-is-layout-flex\">\n<figure class=\"wp-block-image size-large\"><img loading=\"lazy\" decoding=\"async\" width=\"1024\" height=\"577\" data-id=\"910\" src=\"https:\/\/wpa-water-treatment.com\/wp-content\/uploads\/2020\/11\/wodacodegreen_2-1024x577.jpeg\" alt=\"\" class=\"wp-image-910\" srcset=\"https:\/\/wpa-water-treatment.com\/wp-content\/uploads\/2020\/11\/wodacodegreen_2-1024x577.jpeg 1024w, https:\/\/wpa-water-treatment.com\/wp-content\/uploads\/2020\/11\/wodacodegreen_2-300x169.jpeg 300w, https:\/\/wpa-water-treatment.com\/wp-content\/uploads\/2020\/11\/wodacodegreen_2-768x432.jpeg 768w, https:\/\/wpa-water-treatment.com\/wp-content\/uploads\/2020\/11\/wodacodegreen_2-1536x865.jpeg 1536w, https:\/\/wpa-water-treatment.com\/wp-content\/uploads\/2020\/11\/wodacodegreen_2-16x9.jpeg 16w, https:\/\/wpa-water-treatment.com\/wp-content\/uploads\/2020\/11\/wodacodegreen_2.jpeg 1918w\" sizes=\"(max-width: 1024px) 100vw, 1024px\" \/><figcaption class=\"wp-element-caption\">Water treatment plant WodaCodeGreen<\/figcaption><\/figure>\n\n\n\n<figure class=\"wp-block-image size-large\"><img loading=\"lazy\" decoding=\"async\" width=\"1024\" height=\"577\" data-id=\"915\" src=\"https:\/\/wpa-water-treatment.com\/wp-content\/uploads\/2020\/11\/wodacodeheader-web2-1024x577.jpg\" alt=\"\" class=\"wp-image-915\" srcset=\"https:\/\/wpa-water-treatment.com\/wp-content\/uploads\/2020\/11\/wodacodeheader-web2-1024x577.jpg 1024w, https:\/\/wpa-water-treatment.com\/wp-content\/uploads\/2020\/11\/wodacodeheader-web2-300x169.jpg 300w, https:\/\/wpa-water-treatment.com\/wp-content\/uploads\/2020\/11\/wodacodeheader-web2-768x432.jpg 768w, https:\/\/wpa-water-treatment.com\/wp-content\/uploads\/2020\/11\/wodacodeheader-web2-1536x865.jpg 1536w, https:\/\/wpa-water-treatment.com\/wp-content\/uploads\/2020\/11\/wodacodeheader-web2-16x9.jpg 16w, https:\/\/wpa-water-treatment.com\/wp-content\/uploads\/2020\/11\/wodacodeheader-web2.jpg 1918w\" sizes=\"(max-width: 1024px) 100vw, 1024px\" \/><figcaption class=\"wp-element-caption\">Water treatment plant WodaCodeGreen open<\/figcaption><\/figure>\n\n\n\n<figure class=\"wp-block-image size-large\"><img loading=\"lazy\" decoding=\"async\" width=\"1024\" height=\"577\" data-id=\"911\" src=\"https:\/\/wpa-water-treatment.com\/wp-content\/uploads\/2020\/11\/wodacodegreen_3-1024x577.jpeg\" alt=\"\" class=\"wp-image-911\" srcset=\"https:\/\/wpa-water-treatment.com\/wp-content\/uploads\/2020\/11\/wodacodegreen_3-1024x577.jpeg 1024w, https:\/\/wpa-water-treatment.com\/wp-content\/uploads\/2020\/11\/wodacodegreen_3-300x169.jpeg 300w, https:\/\/wpa-water-treatment.com\/wp-content\/uploads\/2020\/11\/wodacodegreen_3-768x432.jpeg 768w, https:\/\/wpa-water-treatment.com\/wp-content\/uploads\/2020\/11\/wodacodegreen_3-1536x865.jpeg 1536w, https:\/\/wpa-water-treatment.com\/wp-content\/uploads\/2020\/11\/wodacodegreen_3-16x9.jpeg 16w, https:\/\/wpa-water-treatment.com\/wp-content\/uploads\/2020\/11\/wodacodegreen_3.jpeg 1918w\" sizes=\"(max-width: 1024px) 100vw, 1024px\" \/><figcaption class=\"wp-element-caption\">Water treatment unit WodaCodeGreen free-standing<\/figcaption><\/figure>\n<\/figure>","protected":false},"excerpt":{"rendered":"<p>Wasseraufbereitung Wasserstrahlschneiden Beim Wasserstrahlschneiden werden Dr\u00fccke von bis zu 6000 bar ben\u00f6tigt, solch hohe Dr\u00fccke belasten alle Komponenten und offenbaren selbst geringe M\u00e4ngel in der Wasserqualit\u00e4t. Durch eine gute Wasseraufbereitungsanlage erhalten Sie eine verl\u00e4ngerte Lebenszeit Ihrer Komponenten und Bauteile. Insbesondere werden Ihre Wartungen planbar. Ihre Komponenten werden nicht mehr aufgrund von Besch\u00e4digungen durch eine schlechte [&hellip;]<\/p>\n","protected":false},"author":2,"featured_media":0,"parent":0,"menu_order":0,"comment_status":"closed","ping_status":"closed","template":"","meta":{"ghostkit_customizer_options":"","ghostkit_custom_css":"","ghostkit_custom_js_head":"","ghostkit_custom_js_foot":"","ghostkit_typography":"","site-sidebar-layout":"default","site-content-layout":"default","ast-site-content-layout":"","site-content-style":"default","site-sidebar-style":"default","ast-global-header-display":"","ast-banner-title-visibility":"","ast-main-header-display":"","ast-hfb-above-header-display":"","ast-hfb-below-header-display":"","ast-hfb-mobile-header-display":"","site-post-title":"disabled","ast-breadcrumbs-content":"","ast-featured-img":"","footer-sml-layout":"","theme-transparent-header-meta":"default","adv-header-id-meta":"","stick-header-meta":"default","header-above-stick-meta":"","header-main-stick-meta":"","header-below-stick-meta":"","astra-migrate-meta-layouts":"default","ast-page-background-enabled":"default","ast-page-background-meta":{"desktop":{"background-color":"","background-image":"","background-repeat":"repeat","background-position":"center center","background-size":"auto","background-attachment":"scroll","background-type":"","background-media":"","overlay-type":"","overlay-color":"","overlay-gradient":""},"tablet":{"background-color":"","background-image":"","background-repeat":"repeat","background-position":"center center","background-size":"auto","background-attachment":"scroll","background-type":"","background-media":"","overlay-type":"","overlay-color":"","overlay-gradient":""},"mobile":{"background-color":"","background-image":"","background-repeat":"repeat","background-position":"center center","background-size":"auto","background-attachment":"scroll","background-type":"","background-media":"","overlay-type":"","overlay-color":"","overlay-gradient":""}},"ast-content-background-meta":{"desktop":{"background-color":"var(--ast-global-color-5)","background-image":"","background-repeat":"repeat","background-position":"center center","background-size":"auto","background-attachment":"scroll","background-type":"","background-media":"","overlay-type":"","overlay-color":"","overlay-gradient":""},"tablet":{"background-color":"var(--ast-global-color-5)","background-image":"","background-repeat":"repeat","background-position":"center center","background-size":"auto","background-attachment":"scroll","background-type":"","background-media":"","overlay-type":"","overlay-color":"","overlay-gradient":""},"mobile":{"background-color":"var(--ast-global-color-5)","background-image":"","background-repeat":"repeat","background-position":"center center","background-size":"auto","background-attachment":"scroll","background-type":"","background-media":"","overlay-type":"","overlay-color":"","overlay-gradient":""}},"footnotes":""},"_links":{"self":[{"href":"https:\/\/wpa-water-treatment.com\/en\/wp-json\/wp\/v2\/pages\/1247"}],"collection":[{"href":"https:\/\/wpa-water-treatment.com\/en\/wp-json\/wp\/v2\/pages"}],"about":[{"href":"https:\/\/wpa-water-treatment.com\/en\/wp-json\/wp\/v2\/types\/page"}],"author":[{"embeddable":true,"href":"https:\/\/wpa-water-treatment.com\/en\/wp-json\/wp\/v2\/users\/2"}],"replies":[{"embeddable":true,"href":"https:\/\/wpa-water-treatment.com\/en\/wp-json\/wp\/v2\/comments?post=1247"}],"version-history":[{"count":9,"href":"https:\/\/wpa-water-treatment.com\/en\/wp-json\/wp\/v2\/pages\/1247\/revisions"}],"predecessor-version":[{"id":1314,"href":"https:\/\/wpa-water-treatment.com\/en\/wp-json\/wp\/v2\/pages\/1247\/revisions\/1314"}],"wp:attachment":[{"href":"https:\/\/wpa-water-treatment.com\/en\/wp-json\/wp\/v2\/media?parent=1247"}],"curies":[{"name":"wp","href":"https:\/\/api.w.org\/{rel}","templated":true}]}}