{"id":933,"date":"2020-11-12T12:48:04","date_gmt":"2020-11-12T12:48:04","guid":{"rendered":"https:\/\/wpa-water-treatment.com\/?page_id=933"},"modified":"2023-04-28T14:38:40","modified_gmt":"2023-04-28T13:38:40","slug":"schneidwasseraufbereitung-wodacodegreen","status":"publish","type":"page","link":"https:\/\/wpa-water-treatment.com\/it\/schneidwasseraufbereitung-wodacodegreen\/","title":{"rendered":"WodaCodeGreen Schneidwasseraufbereitung"},"content":{"rendered":"<div class=\"wp-block-media-text alignwide is-stacked-on-mobile is-image-fill\"><figure class=\"wp-block-media-text__media\" style=\"background-image:url(https:\/\/wpa-water-treatment.com\/wp-content\/uploads\/2020\/11\/wodacodeheader-web-1024x577.jpg);background-position:50% 50%\"><img loading=\"lazy\" decoding=\"async\" width=\"1024\" height=\"577\" src=\"https:\/\/wpa-water-treatment.com\/wp-content\/uploads\/2020\/11\/wodacodeheader-web-1024x577.jpg\" alt=\"Trattamento dell&#039;acqua con WodaCodeGreen\" class=\"wp-image-914 size-full\" srcset=\"https:\/\/wpa-water-treatment.com\/wp-content\/uploads\/2020\/11\/wodacodeheader-web-1024x577.jpg 1024w, https:\/\/wpa-water-treatment.com\/wp-content\/uploads\/2020\/11\/wodacodeheader-web-300x169.jpg 300w, https:\/\/wpa-water-treatment.com\/wp-content\/uploads\/2020\/11\/wodacodeheader-web-768x432.jpg 768w, https:\/\/wpa-water-treatment.com\/wp-content\/uploads\/2020\/11\/wodacodeheader-web-1536x865.jpg 1536w, https:\/\/wpa-water-treatment.com\/wp-content\/uploads\/2020\/11\/wodacodeheader-web-16x9.jpg 16w, https:\/\/wpa-water-treatment.com\/wp-content\/uploads\/2020\/11\/wodacodeheader-web.jpg 1918w\" sizes=\"(max-width: 1024px) 100vw, 1024px\" \/><\/figure><div class=\"wp-block-media-text__content\">\n<h2 class=\"wp-block-heading\" id=\"schneidwasseraufbereitung-wodacodegreenuniversalsystem-zur-erstellung-von-idealem-schneidwasser\">Schneidwasseraufbereitung WodaCodeGreen<br>Pacchetto completo per creare l'acqua di taglio ideale<\/h2>\n\n\n\n<ul id=\"block-fedf2997-b9e4-4cf3-9652-886b8eccfef6\">\n<li><strong>Risparmio sui costi<\/strong>: Gli intervalli di manutenzione della pompa ad alta pressione sono estesi del 50 - 500% per brevi tempi di fermo macchina.<\/li>\n\n\n\n<li><strong>Sicurezza operativa<\/strong>: I guasti dovuti all'acqua o i danni alla pompa ad alta pressione sono notevolmente ridotti.<\/li>\n\n\n\n<li><strong>Ammortamento rapido<\/strong> con costi di consumo moderati per la sostituzione dei filtri e il dosaggio degli additivi.<\/li>\n\n\n\n<li><strong>Bassi costi di assistenza<\/strong>: costruzione tecnica ed elettronica senza problemi e a bassa manutenzione<\/li>\n<\/ul>\n\n\n\n<div class=\"wp-block-buttons is-layout-flex wp-block-buttons-is-layout-flex\">\n<div class=\"wp-block-button\"><a class=\"wp-block-button__link wp-element-button\" href=\"https:\/\/wpa-shop.com\/de\/shop\/wodacodegreen\/\" rel=\"noopener\">Al negozio<\/a><\/div>\n<\/div>\n<\/div><\/div>\n\n\n\n<blockquote class=\"wp-block-quote is-style-default is-layout-flow wp-block-quote-is-layout-flow\">\n<p>L'acqua di taglio non trattata riduce notevolmente la durata della vostra macchina da taglio a getto d'acqua.<\/p>\n<\/blockquote>\n\n\n\n<p>Non c'\u00e8 quasi nessun'altra applicazione nell'idraulica dell'acqua dove l'acqua \u00e8 esposta a carichi meccanici cos\u00ec elevati come nel taglio a getto d'acqua. A una pressione di oltre 4000 bar e a grandi portate ad alta velocit\u00e0, le carenze nella qualit\u00e0 dell'acqua diventano direttamente percepibili grazie alla riduzione della vita utile delle parti critiche. Da guarnizioni e ugelli danneggiati, valvole e cilindri danneggiati a depositi sulle valvole di controllo e tubi a scoppio. Pertanto, a causa delle elevate esigenze del taglio a getto d'acqua, \u00e8 particolarmente importante avere la migliore qualit\u00e0 dell'acqua di taglio possibile.<\/p>\n\n\n\n<h2 class=\"wp-block-heading\" id=\"wasseraufbereitung-mit-wodacodegreen\">Trattamento dell'acqua con WodaCodeGreen<\/h2>\n\n\n\n<p>Il nostro sistema di filtraggio WodaCode protegge il sensibile sistema ad alta pressione delle macchine da taglio a getto d'acqua dalla contaminazione, riducendo cos\u00ec l'usura e i costi di manutenzione.<\/p>\n\n\n\n<div class=\"ghostkit-alert ghostkit-custom-Z25j38s\"><div class=\"ghostkit-alert-icon\"><svg class=\"ghostkit-svg-icon\" width=\"24\" height=\"24\" viewbox=\"0 0 24 24\" fill=\"none\" xmlns=\"http:\/\/www.w3.org\/2000\/svg\"><path fill-rule=\"evenodd\" clip-rule=\"evenodd\" d=\"M12.8681 4.0311C12.7806 3.87815 12.6542 3.75104 12.5018 3.66263C12.3494 3.57422 12.1763 3.52766 12.0001 3.52766C11.8239 3.52766 11.6508 3.57422 11.4984 3.66263C11.346 3.75104 11.2196 3.87815 11.1321 4.0311L3.14706 18.0041C3.06016 18.1562 3.01475 18.3285 3.01539 18.5037C3.01602 18.6789 3.06268 18.8509 3.15068 19.0024C3.23868 19.1539 3.36494 19.2796 3.51682 19.367C3.66869 19.4543 3.84085 19.5002 4.01606 19.5001H19.9841C20.1593 19.5002 20.3315 19.4543 20.4833 19.367C20.6352 19.2796 20.7615 19.1539 20.8495 19.0024C20.9375 18.8509 20.9841 18.6789 20.9848 18.5037C20.9854 18.3285 20.94 18.1562 20.8531 18.0041L12.8681 4.0301V4.0311ZM9.83006 3.2871C10.7901 1.6071 13.2121 1.6071 14.1721 3.2871L22.1561 17.2601C23.1081 18.9261 21.9051 21.0001 19.9861 21.0001H4.01406C2.09506 21.0001 0.892055 18.9261 1.84406 17.2601L9.82906 3.2871H9.83006ZM12.0001 7.9631C12.199 7.9631 12.3898 8.04212 12.5304 8.18277C12.6711 8.32342 12.7501 8.51419 12.7501 8.7131V12.2501C12.7501 12.449 12.6711 12.6398 12.5304 12.7804C12.3898 12.9211 12.199 13.0001 12.0001 13.0001C11.8012 13.0001 11.6104 12.9211 11.4698 12.7804C11.3291 12.6398 11.2501 12.449 11.2501 12.2501V8.7131C11.2501 8.51419 11.3291 8.32342 11.4698 8.18277C11.6104 8.04212 11.8012 7.9631 12.0001 7.9631ZM12.0001 15.0001C11.7349 15.0001 11.4805 15.1055 11.293 15.293C11.1055 15.4805 11.0001 15.7349 11.0001 16.0001C11.0001 16.2653 11.1055 16.5197 11.293 16.7072C11.4805 16.8948 11.7349 17.0001 12.0001 17.0001C12.2653 17.0001 12.5197 16.8948 12.7072 16.7072C12.8947 16.5197 13.0001 16.2653 13.0001 16.0001C13.0001 15.7349 12.8947 15.4805 12.7072 15.293C12.5197 15.1055 12.2653 15.0001 12.0001 15.0001Z\" fill=\"currentColor\"\/><\/svg><\/div><div class=\"ghostkit-alert-content is-layout-flow wp-block-alert-is-layout-flow\">\n<h4 class=\"wp-block-heading\" id=\"wussten-sie-schon\">Lo sapevi gi\u00e0:<\/h4>\n\n\n\n<p>Molti produttori concedono la riparazione e la sostituzione delle parti soggette ad usura in garanzia solo se \u00e8 possibile dimostrare che l'acqua utilizzata soddisfa le specifiche tecniche pertinenti.<\/p>\n<\/div><\/div>\n\n\n\n<p><\/p>\n\n\n\n<div class=\"wp-block-columns are-vertically-aligned-center is-layout-flex wp-container-core-columns-is-layout-1 wp-block-columns-is-layout-flex\">\n<div class=\"wp-block-column is-vertically-aligned-center is-layout-flow wp-block-column-is-layout-flow\" style=\"flex-basis:33.33%\">\n<figure class=\"wp-block-image size-large\"><img loading=\"lazy\" decoding=\"async\" width=\"401\" height=\"401\" src=\"https:\/\/wpa-water-treatment.com\/wp-content\/uploads\/2020\/11\/filter.jpg\" alt=\"\" class=\"wp-image-974\" srcset=\"https:\/\/wpa-water-treatment.com\/wp-content\/uploads\/2020\/11\/filter.jpg 401w, https:\/\/wpa-water-treatment.com\/wp-content\/uploads\/2020\/11\/filter-300x300.jpg 300w, https:\/\/wpa-water-treatment.com\/wp-content\/uploads\/2020\/11\/filter-150x150.jpg 150w, https:\/\/wpa-water-treatment.com\/wp-content\/uploads\/2020\/11\/filter-12x12.jpg 12w\" sizes=\"(max-width: 401px) 100vw, 401px\" \/><\/figure>\n<\/div>\n\n\n\n<div class=\"wp-block-column is-vertically-aligned-center is-layout-flow wp-block-column-is-layout-flow\" style=\"flex-basis:66.66%\">\n<h3 class=\"wp-block-heading\" id=\"filtration-und-oxidation\">Filtrazione e ossidazione<\/h3>\n\n\n\n<p>La combinazione di filtri e materiali filtranti non solo rimuove i solidi fino a 1\u03bcm - come i filtri convenzionali. WodaCode rimuove anche il cloro, che viene spesso utilizzato per disinfettare le tubazioni e distrugge immediatamente le guarnizioni. Inoltre, cambia e rimuove dai tubi il ferro disciolto e altri metalli o prodotti di corrosione, che altrimenti porta a strati sempre pi\u00f9 grandi che distruggono le valvole di ritegno e le guarnizioni.<\/p>\n<\/div>\n<\/div>\n\n\n\n<div class=\"wp-block-columns are-vertically-aligned-center is-layout-flex wp-container-core-columns-is-layout-2 wp-block-columns-is-layout-flex\">\n<div class=\"wp-block-column is-vertically-aligned-center is-layout-flow wp-block-column-is-layout-flow\" style=\"flex-basis:33.33%\">\n<figure class=\"wp-block-image size-large\"><img loading=\"lazy\" decoding=\"async\" width=\"401\" height=\"401\" src=\"https:\/\/wpa-water-treatment.com\/wp-content\/uploads\/2020\/11\/water.jpg\" alt=\"\" class=\"wp-image-975\" srcset=\"https:\/\/wpa-water-treatment.com\/wp-content\/uploads\/2020\/11\/water.jpg 401w, https:\/\/wpa-water-treatment.com\/wp-content\/uploads\/2020\/11\/water-300x300.jpg 300w, https:\/\/wpa-water-treatment.com\/wp-content\/uploads\/2020\/11\/water-150x150.jpg 150w, https:\/\/wpa-water-treatment.com\/wp-content\/uploads\/2020\/11\/water-12x12.jpg 12w\" sizes=\"(max-width: 401px) 100vw, 401px\" \/><\/figure>\n<\/div>\n\n\n\n<div class=\"wp-block-column is-vertically-aligned-center is-layout-flow wp-block-column-is-layout-flow\" style=\"flex-basis:66.66%\">\n<h3 class=\"wp-block-heading\" id=\"enthartung-und-entgasung\">Ammorbidimento e degassaggio<\/h3>\n\n\n\n<p>Il granulato catalitico costringe l'anidride carbonica disciolta nell'acqua ad emettere gas di scarico, per cui la durezza rimane saldamente legata in ammassi di calcite. Questo processo ha due vantaggi: Riduce il contenuto di acido carbonico, che danneggia i sistemi ad alta pressione per cavitazione, e lega il carbonato di calcio, che altrimenti porterebbe a depositi di calcare su cilindri e valvole.<\/p>\n<\/div>\n<\/div>\n\n\n\n<h2 class=\"wp-block-heading\" id=\"vergleich-der-verbrauchskosten\">Confronto dei costi di consumo<\/h2>\n\n\n\n<p>Rispetto ai sistemi convenzionali, WodaCodeGreen pu\u00f2 far risparmiare fino all'80% dei costi di gestione per il trattamento dell'acqua. Con un turno di 8 ore e una settimana di 5 giorni per una macchina da taglio con un consumo d'acqua di Q = 5 l\/min, il consumo totale di acqua \u00e8 di 600 m\u00b3 all'anno.<\/p>\n\n\n\n<div style=\"height:20px\" aria-hidden=\"true\" class=\"wp-block-spacer\"><\/div>\n\n\n\n<figure class=\"wp-block-gallery has-nested-images columns-3 is-cropped wp-block-gallery-1 is-layout-flex wp-block-gallery-is-layout-flex\">\n<figure class=\"wp-block-image size-large\"><img loading=\"lazy\" decoding=\"async\" width=\"1024\" height=\"577\" data-id=\"912\" src=\"https:\/\/wpa-water-treatment.com\/wp-content\/uploads\/2020\/11\/wodacodegreen_4-1024x577.jpeg\" alt=\"\" class=\"wp-image-912\" srcset=\"https:\/\/wpa-water-treatment.com\/wp-content\/uploads\/2020\/11\/wodacodegreen_4-1024x577.jpeg 1024w, https:\/\/wpa-water-treatment.com\/wp-content\/uploads\/2020\/11\/wodacodegreen_4-300x169.jpeg 300w, https:\/\/wpa-water-treatment.com\/wp-content\/uploads\/2020\/11\/wodacodegreen_4-768x432.jpeg 768w, https:\/\/wpa-water-treatment.com\/wp-content\/uploads\/2020\/11\/wodacodegreen_4-1536x865.jpeg 1536w, https:\/\/wpa-water-treatment.com\/wp-content\/uploads\/2020\/11\/wodacodegreen_4-16x9.jpeg 16w, https:\/\/wpa-water-treatment.com\/wp-content\/uploads\/2020\/11\/wodacodegreen_4.jpeg 1918w\" sizes=\"(max-width: 1024px) 100vw, 1024px\" \/><\/figure>\n\n\n\n<figure class=\"wp-block-image size-large\"><img loading=\"lazy\" decoding=\"async\" width=\"1024\" height=\"577\" data-id=\"911\" src=\"https:\/\/wpa-water-treatment.com\/wp-content\/uploads\/2020\/11\/wodacodegreen_3-1024x577.jpeg\" alt=\"\" class=\"wp-image-911\" srcset=\"https:\/\/wpa-water-treatment.com\/wp-content\/uploads\/2020\/11\/wodacodegreen_3-1024x577.jpeg 1024w, https:\/\/wpa-water-treatment.com\/wp-content\/uploads\/2020\/11\/wodacodegreen_3-300x169.jpeg 300w, https:\/\/wpa-water-treatment.com\/wp-content\/uploads\/2020\/11\/wodacodegreen_3-768x432.jpeg 768w, https:\/\/wpa-water-treatment.com\/wp-content\/uploads\/2020\/11\/wodacodegreen_3-1536x865.jpeg 1536w, https:\/\/wpa-water-treatment.com\/wp-content\/uploads\/2020\/11\/wodacodegreen_3-16x9.jpeg 16w, https:\/\/wpa-water-treatment.com\/wp-content\/uploads\/2020\/11\/wodacodegreen_3.jpeg 1918w\" sizes=\"(max-width: 1024px) 100vw, 1024px\" \/><\/figure>\n\n\n\n<figure class=\"wp-block-image size-large\"><img loading=\"lazy\" decoding=\"async\" width=\"1024\" height=\"577\" data-id=\"909\" src=\"https:\/\/wpa-water-treatment.com\/wp-content\/uploads\/2020\/11\/wodacodegreen_1-1024x577.jpeg\" alt=\"\" class=\"wp-image-909\" srcset=\"https:\/\/wpa-water-treatment.com\/wp-content\/uploads\/2020\/11\/wodacodegreen_1-1024x577.jpeg 1024w, https:\/\/wpa-water-treatment.com\/wp-content\/uploads\/2020\/11\/wodacodegreen_1-300x169.jpeg 300w, https:\/\/wpa-water-treatment.com\/wp-content\/uploads\/2020\/11\/wodacodegreen_1-768x432.jpeg 768w, https:\/\/wpa-water-treatment.com\/wp-content\/uploads\/2020\/11\/wodacodegreen_1-1536x865.jpeg 1536w, https:\/\/wpa-water-treatment.com\/wp-content\/uploads\/2020\/11\/wodacodegreen_1-16x9.jpeg 16w, https:\/\/wpa-water-treatment.com\/wp-content\/uploads\/2020\/11\/wodacodegreen_1.jpeg 1918w\" sizes=\"(max-width: 1024px) 100vw, 1024px\" \/><\/figure>\n<\/figure>\n\n\n\n<div class=\"inherit-container-width wp-block-group alignwide fact-sheet is-layout-constrained wp-block-group-is-layout-constrained\" id=\"factsheet\"><div class=\"wp-block-group__inner-container\">\n<div class=\"wp-block-buttons is-horizontal is-content-justification-center is-layout-flex wp-container-core-buttons-is-layout-2 wp-block-buttons-is-layout-flex\">\n<div class=\"wp-block-button\"><a class=\"wp-block-button__link wp-element-button\" href=\"https:\/\/wpa-water-treatment.com\/it\/wasseraufbereitung-wasserstrahlschneiden\/\">Artikel \u00fcber WodaCodeGreen (DE + EN)<\/a><\/div>\n<\/div>\n\n\n\n<div class=\"ghostkit-icon-box ghostkit-custom-12A09g\"><div class=\"ghostkit-icon-box-icon ghostkit-icon-box-icon-align-left\"><span class=\"fas fa-info-circle\"><\/span><\/div><div class=\"ghostkit-icon-box-content is-layout-flow wp-block-icon-box-is-layout-flow\">\n<h2 class=\"wp-block-heading\" id=\"technische-daten-wodacodegreen\">Dati tecnici WodaCodeGreen<\/h2>\n\n\n\n<p><strong><strong>WodaCodeGreen produce acqua cristallina e addolcita per le vostre macchine - senza l'utilizzo di prodotti chimici costosi e dannosi.<\/strong><\/strong><\/p>\n\n\n\n<p>Il sistema funziona in modo efficiente e praticamente senza problemi grazie all'assenza di controlli elettronici sensibili. Il sistema \u00e8 molto facile da maneggiare con il suo sistema a cartuccia ed \u00e8 rapidamente predisposto per il vostro funzionamento grazie all'installazione plug-and-play.<\/p>\n\n\n\n<div class=\"wp-block-columns is-layout-flex wp-container-core-columns-is-layout-3 wp-block-columns-is-layout-flex\">\n<div class=\"wp-block-column is-layout-flow wp-block-column-is-layout-flow\">\n<h3 class=\"wp-block-heading\" id=\"wodecodegreen-filtert\">Filtri WodeCodeGreen:<\/h3>\n\n\n\n<ul>\n<li>Tutti i solidi fino a 1\u00b5m<\/li>\n\n\n\n<li>Tutti i prodotti di corrosione<\/li>\n\n\n\n<li>Tutti i metalli pesanti<\/li>\n\n\n\n<li>Durezza totale, carbonatica e solfatata<\/li>\n\n\n\n<li>Composti organici (fenoli, pesticidi, solventi, diluenti, oli e alcoli)<\/li>\n\n\n\n<li>Rimuove il biossido di silicio<\/li>\n\n\n\n<li>Cloro, acido carbonico libero e ossigeno<\/li>\n\n\n\n<li>Tutti i microrganismi, compresi batteri, alghe e funghi<\/li>\n<\/ul>\n\n\n\n<h3 class=\"wp-block-heading\" id=\"tw-target-text\">Limiti di applicazione:<\/h3>\n\n\n\n<ul>\n<li>pH &lt; 8,5<\/li>\n\n\n\n<li>Conducibilit\u00e0: 200 - 1200 \u00b5S\/cm<\/li>\n\n\n\n<li>TDS (solidi disciolti totali): 140 - 840 ppm<\/li>\n\n\n\n<li>Rame: &lt; 2 mg\/l<\/li>\n<\/ul>\n\n\n\n<h3 class=\"wp-block-heading\" id=\"abmessung\">Dimensioni:<\/h3>\n\n\n\n<p>60cm x 66cm x 165cm (profondit\u00e0 x larghezza x altezza)<\/p>\n<\/div>\n\n\n\n<div class=\"wp-block-column is-layout-flow wp-block-column-is-layout-flow\">\n<h3 class=\"wp-block-heading\" id=\"technische-spezifikationen\">Specifiche tecniche:<\/h3>\n\n\n\n<ul>\n<li>Pressione di ingresso dell'acqua ammessa: max. 10 bar<\/li>\n\n\n\n<li>Impostazione del riduttore di pressione: max. 5,5 bar<\/li>\n\n\n\n<li>Temperatura dell'acqua in ingresso: da 10 a 35\u00b0C<\/li>\n\n\n\n<li>Portata massima Qmax: 16 litri\/min<\/li>\n\n\n\n<li>Conducibilit\u00e0 in ingresso acqua: 200 - 1200 \u00b5S\/cm<\/li>\n\n\n\n<li>TDS in ingresso acqua: da 140 a 840 ppm<\/li>\n\n\n\n<li>Filtrazione: filtro a carbone attivo 10\u00b5m (ingresso), filtro di polizia 1\u00b5m (uscita)<\/li>\n\n\n\n<li>Ritmo di cambio consigliato (filtro a carbone attivo): molto sporco e\/o perdita di pressione \u0394p &gt;0,4 bar<\/li>\n\n\n\n<li>Ritmo di cambio consigliato (oxi e filtro fine granulato): al pi\u00f9 tardi dopo 3 mesi o 200m\u00b3 di flusso d'acqua<\/li>\n\n\n\n<li>Dimensioni circa LxPxH in cm: 66x 60x 165<\/li>\n\n\n\n<li>Connessioni Ingresso\/Uscita: Filettatura da 3\/4\u2033 o ugello per tubo flessibile<\/li>\n\n\n\n<li>Peso: 185 kg<\/li>\n<\/ul>\n<\/div>\n<\/div>\n<\/div><\/div>\n<\/div><\/div>","protected":false},"excerpt":{"rendered":"<p>Unbehandeltes Schneidwasser reduziert die Lebensdauer Ihrer Wasserstrahlschneidemaschine erheblich. In der Wasserhydraulik gibt es kaum eine andere Anwendung, bei der Wasser so hohen mechanischen Belastungen ausgesetzt ist wie beim Wasserstrahlschneiden. Bei einem Druck von \u00fcber 4000 bar und gro\u00dfen Durchflussmengen bei hoher Geschwindigkeit machen sich M\u00e4ngel in der Wasserqualit\u00e4t direkt bemerkbar durch eine verk\u00fcrzte Lebensdauer kritischer [&hellip;]<\/p>\n","protected":false},"author":2,"featured_media":0,"parent":0,"menu_order":0,"comment_status":"closed","ping_status":"closed","template":"","meta":{"ghostkit_customizer_options":"","ghostkit_custom_css":"","ghostkit_custom_js_head":"","ghostkit_custom_js_foot":"","ghostkit_typography":"","site-sidebar-layout":"default","site-content-layout":"default","ast-site-content-layout":"","site-content-style":"default","site-sidebar-style":"default","ast-global-header-display":"","ast-banner-title-visibility":"","ast-main-header-display":"","ast-hfb-above-header-display":"","ast-hfb-below-header-display":"","ast-hfb-mobile-header-display":"","site-post-title":"","ast-breadcrumbs-content":"","ast-featured-img":"","footer-sml-layout":"","theme-transparent-header-meta":"default","adv-header-id-meta":"","stick-header-meta":"default","header-above-stick-meta":"","header-main-stick-meta":"","header-below-stick-meta":"","astra-migrate-meta-layouts":"default","ast-page-background-enabled":"default","ast-page-background-meta":{"desktop":{"background-color":"","background-image":"","background-repeat":"repeat","background-position":"center center","background-size":"auto","background-attachment":"scroll","background-type":"","background-media":"","overlay-type":"","overlay-color":"","overlay-gradient":""},"tablet":{"background-color":"","background-image":"","background-repeat":"repeat","background-position":"center center","background-size":"auto","background-attachment":"scroll","background-type":"","background-media":"","overlay-type":"","overlay-color":"","overlay-gradient":""},"mobile":{"background-color":"","background-image":"","background-repeat":"repeat","background-position":"center center","background-size":"auto","background-attachment":"scroll","background-type":"","background-media":"","overlay-type":"","overlay-color":"","overlay-gradient":""}},"ast-content-background-meta":{"desktop":{"background-color":"var(--ast-global-color-5)","background-image":"","background-repeat":"repeat","background-position":"center center","background-size":"auto","background-attachment":"scroll","background-type":"","background-media":"","overlay-type":"","overlay-color":"","overlay-gradient":""},"tablet":{"background-color":"var(--ast-global-color-5)","background-image":"","background-repeat":"repeat","background-position":"center center","background-size":"auto","background-attachment":"scroll","background-type":"","background-media":"","overlay-type":"","overlay-color":"","overlay-gradient":""},"mobile":{"background-color":"var(--ast-global-color-5)","background-image":"","background-repeat":"repeat","background-position":"center center","background-size":"auto","background-attachment":"scroll","background-type":"","background-media":"","overlay-type":"","overlay-color":"","overlay-gradient":""}},"footnotes":""},"_links":{"self":[{"href":"https:\/\/wpa-water-treatment.com\/it\/wp-json\/wp\/v2\/pages\/933"}],"collection":[{"href":"https:\/\/wpa-water-treatment.com\/it\/wp-json\/wp\/v2\/pages"}],"about":[{"href":"https:\/\/wpa-water-treatment.com\/it\/wp-json\/wp\/v2\/types\/page"}],"author":[{"embeddable":true,"href":"https:\/\/wpa-water-treatment.com\/it\/wp-json\/wp\/v2\/users\/2"}],"replies":[{"embeddable":true,"href":"https:\/\/wpa-water-treatment.com\/it\/wp-json\/wp\/v2\/comments?post=933"}],"version-history":[{"count":9,"href":"https:\/\/wpa-water-treatment.com\/it\/wp-json\/wp\/v2\/pages\/933\/revisions"}],"predecessor-version":[{"id":1316,"href":"https:\/\/wpa-water-treatment.com\/it\/wp-json\/wp\/v2\/pages\/933\/revisions\/1316"}],"wp:attachment":[{"href":"https:\/\/wpa-water-treatment.com\/it\/wp-json\/wp\/v2\/media?parent=933"}],"curies":[{"name":"wp","href":"https:\/\/api.w.org\/{rel}","templated":true}]}}