{"id":1010,"date":"2020-11-12T13:37:48","date_gmt":"2020-11-12T12:37:48","guid":{"rendered":"https:\/\/wpa-water-treatment.com\/?page_id=1010"},"modified":"2023-04-28T14:38:56","modified_gmt":"2023-04-28T13:38:56","slug":"abrasiv-entschlammungsanlage-wodagarnetclean","status":"publish","type":"page","link":"https:\/\/wpa-water-treatment.com\/pl\/abrasiv-entschlammungsanlage-wodagarnetclean\/","title":{"rendered":"WodaGarnetClean"},"content":{"rendered":"<h1 class=\"wp-block-heading\" id=\"abrasiv-entschlammungsanlage-wodagarnetclean\">System odprowadzania \u015bcierniwa WodaGarnetClean<\/h1>\n\n\n\n<div class=\"wp-block-columns are-vertically-aligned-center is-layout-flex wp-container-core-columns-is-layout-1 wp-block-columns-is-layout-flex\">\n<div class=\"wp-block-column is-vertically-aligned-center is-layout-flow wp-block-column-is-layout-flow\" style=\"flex-basis:50%\">\n<figure class=\"wp-block-image size-large\"><img loading=\"lazy\" decoding=\"async\" width=\"966\" height=\"1024\" src=\"https:\/\/wpa-water-treatment.com\/wp-content\/uploads\/2021\/02\/IMG_4118_hell-966x1024.jpg\" alt=\"Abrasiv Entschlammungsanlage mobil\" class=\"wp-image-1119\" srcset=\"https:\/\/wpa-water-treatment.com\/wp-content\/uploads\/2021\/02\/IMG_4118_hell-966x1024.jpg 966w, https:\/\/wpa-water-treatment.com\/wp-content\/uploads\/2021\/02\/IMG_4118_hell-283x300.jpg 283w, https:\/\/wpa-water-treatment.com\/wp-content\/uploads\/2021\/02\/IMG_4118_hell-768x814.jpg 768w, https:\/\/wpa-water-treatment.com\/wp-content\/uploads\/2021\/02\/IMG_4118_hell-11x12.jpg 11w, https:\/\/wpa-water-treatment.com\/wp-content\/uploads\/2021\/02\/IMG_4118_hell.jpg 1019w\" sizes=\"(max-width: 966px) 100vw, 966px\" \/><figcaption class=\"wp-element-caption\">Entschlammungsanlage mobil WodaGarnetClean<\/figcaption><\/figure>\n<\/div>\n\n\n\n<div class=\"wp-block-column is-vertically-aligned-center is-layout-flow wp-block-column-is-layout-flow\" style=\"flex-basis:50%\">\n<p><strong>System odprowadzania \u015bcierniwa WodaGarnetClean<\/strong><\/p>\n\n\n\n<ul>\n<li>Bez elektryczno\u015bci (tylko spr\u0119\u017cone powietrze)<\/li>\n\n\n\n<li>Mobilny, elastyczny i odpowiedni dla ka\u017cdego typu maszyny<\/li>\n\n\n\n<li>Zawiera 3 worki z tkaniny filtracyjnej (1t ka\u017cdy)<\/li>\n\n\n\n<li>Pe\u0142na kontrola dzi\u0119ki przyjaznemu dla u\u017cytkownika, r\u0119cznemu sterowaniu<\/li>\n<\/ul>\n\n\n\n<div class=\"wp-block-buttons is-layout-flex wp-block-buttons-is-layout-flex\">\n<div class=\"wp-block-button\"><a class=\"wp-block-button__link wp-element-button\" href=\"https:\/\/wpa-shop.com\/de\/shop\/wodagarnetclean\/\" rel=\"noopener\">Do sklepu<\/a><\/div>\n<\/div>\n<\/div>\n<\/div>\n\n\n\n<p>Podczas produkcji strumieniem wody osad (piasek\/\u015bcierniwo) osadza si\u0119 w zbiorniku do ci\u0119cia, dlatego te\u017c bardzo cz\u0119sto wymaga on intensywnego czyszczenia. Ponadto, woda jest zanieczyszczona substancjami szkodliwymi - ale normy prawne nakazuj\u0105, co mo\u017ce by\u0107 odprowadzane do kanalizacji. Dzi\u0119ki produktom z naszej serii Woda wspieramy Pa\u0144stwa w spe\u0142nianiu wymog\u00f3w prawnych i ekologicznych z jednej strony, a z drugiej strony w oszcz\u0119dzaniu czasu pracy przy czyszczeniu zbiornik\u00f3w.<\/p>\n\n\n\n<h2 class=\"wp-block-heading\" id=\"abrasiv-entschlammungsanlage-wodagarnetclean\">System odprowadzania \u015bcierniwa WodaGarnetClean<\/h2>\n\n\n\n<div class=\"wp-block-media-text is-stacked-on-mobile\" style=\"grid-template-columns:46% auto\"><figure class=\"wp-block-media-text__media\"><img loading=\"lazy\" decoding=\"async\" width=\"1024\" height=\"768\" src=\"https:\/\/wpa-water-treatment.com\/wp-content\/uploads\/2020\/11\/WodaGarnetClean1-e1534180477767-1024x768.jpg\" alt=\"\" class=\"wp-image-919 size-full\" srcset=\"https:\/\/wpa-water-treatment.com\/wp-content\/uploads\/2020\/11\/WodaGarnetClean1-e1534180477767-1024x768.jpg 1024w, https:\/\/wpa-water-treatment.com\/wp-content\/uploads\/2020\/11\/WodaGarnetClean1-e1534180477767-300x225.jpg 300w, https:\/\/wpa-water-treatment.com\/wp-content\/uploads\/2020\/11\/WodaGarnetClean1-e1534180477767-768x576.jpg 768w, https:\/\/wpa-water-treatment.com\/wp-content\/uploads\/2020\/11\/WodaGarnetClean1-e1534180477767-16x12.jpg 16w, https:\/\/wpa-water-treatment.com\/wp-content\/uploads\/2020\/11\/WodaGarnetClean1-e1534180477767.jpg 1280w\" sizes=\"(max-width: 1024px) 100vw, 1024px\" \/><\/figure><div class=\"wp-block-media-text__content\">\n<p>Za pomoc\u0105 mobilnego systemu r\u0119cznego do r\u0119cznego usuwania \u015brodka \u015bciernego WodaGarnetClean mo\u017cna szybko i \u0142atwo usun\u0105\u0107 szlam \u015bcierny z ka\u017cdego systemu ci\u0119cia strumieniem wody. Kompletny system do usuwania szlamu wymaga jedynie spr\u0119\u017conego powietrza (2-6 bar\u00f3w) i mo\u017ce by\u0107 stosowany bezstopniowo tam, gdzie jest to potrzebne.<\/p>\n\n\n\n<p>Za pomoc\u0105 lancy ss\u0105cej woda jest pompowana do osadzonego piasku w celu wymieszania stwardnia\u0142ej masy. Nast\u0119pnie mieszanka wodno-piaskowa jest zasysana i pompowana do zbiornika zbiorczego. Piasek i gruboziarniste cz\u0105stki zawiesiny osadzaj\u0105 si\u0119 w worku z zawiesin\u0105 tkaniny filtracyjnej (mo\u017cna zam\u00f3wi\u0107 u sprzedawcy). Woda mo\u017ce by\u0107 pompowana z powrotem do zbiornika na wod\u0119, a nape\u0142niony worek z tkaniny filtracyjnej mo\u017ce by\u0107 usuni\u0119ty za pomoc\u0105 w\u00f3zka wid\u0142owego.<br>Z Wod\u0105GarnetClean mo\u017cna wypompowa\u0107 od 3 do 4 m3 wody na godzin\u0119, dzi\u0119ki czemu mo\u017cna odfiltrowa\u0107 do 1 t materia\u0142u \u015bciernego na godzin\u0119. Pojemnik z np. 4x2m mo\u017cna czy\u015bci\u0107 w oko\u0142o 3h.<\/p>\n<\/div><\/div>\n\n\n\n<div style=\"height:20px\" aria-hidden=\"true\" class=\"wp-block-spacer\"><\/div>\n\n\n\n<h3 class=\"wp-block-heading\" id=\"abrasiv-entfernung-mit-unserer-entschlammungsanlage-wodagarnetclean\"><strong>Usuwanie materia\u0142u \u015bciernego za pomoc\u0105 naszego systemu usuwania osad\u00f3w: WodaGarnetClean<\/strong><\/h3>\n\n\n\n<p>Podczas produkcji strumieniem wody osad (piasek\/\u015bcierniwo) osadza si\u0119 w zbiorniku do ci\u0119cia, dlatego te\u017c bardzo cz\u0119sto wymaga on intensywnego czyszczenia. Ponadto, woda jest zanieczyszczona substancjami szkodliwymi - ale normy prawne nakazuj\u0105, co mo\u017ce by\u0107 odprowadzane do kanalizacji. Dzi\u0119ki produktom z naszej serii Woda wspieramy Pa\u0144stwa w spe\u0142nianiu wymog\u00f3w prawnych i ekologicznych z jednej strony, a z drugiej strony w oszcz\u0119dzaniu czasu pracy przy czyszczeniu zbiornik\u00f3w.<\/p>\n\n\n\n<figure class=\"wp-block-gallery has-nested-images columns-default is-cropped wp-block-gallery-1 is-layout-flex wp-block-gallery-is-layout-flex\">\n<figure class=\"wp-block-image size-large\"><img loading=\"lazy\" decoding=\"async\" width=\"970\" height=\"1024\" data-id=\"1124\" src=\"https:\/\/wpa-water-treatment.com\/wp-content\/uploads\/2021\/02\/IMG_4150-970x1024.jpg\" alt=\"\" class=\"wp-image-1124\" srcset=\"https:\/\/wpa-water-treatment.com\/wp-content\/uploads\/2021\/02\/IMG_4150-970x1024.jpg 970w, https:\/\/wpa-water-treatment.com\/wp-content\/uploads\/2021\/02\/IMG_4150-284x300.jpg 284w, https:\/\/wpa-water-treatment.com\/wp-content\/uploads\/2021\/02\/IMG_4150-768x811.jpg 768w, https:\/\/wpa-water-treatment.com\/wp-content\/uploads\/2021\/02\/IMG_4150-11x12.jpg 11w, https:\/\/wpa-water-treatment.com\/wp-content\/uploads\/2021\/02\/IMG_4150.jpg 1019w\" sizes=\"(max-width: 970px) 100vw, 970px\" \/><\/figure>\n\n\n\n<figure class=\"wp-block-image size-large\"><img loading=\"lazy\" decoding=\"async\" width=\"1024\" height=\"864\" data-id=\"1122\" src=\"https:\/\/wpa-water-treatment.com\/wp-content\/uploads\/2021\/02\/IMG_4137_clean-1024x864.jpg\" alt=\"\" class=\"wp-image-1122\" srcset=\"https:\/\/wpa-water-treatment.com\/wp-content\/uploads\/2021\/02\/IMG_4137_clean-1024x864.jpg 1024w, https:\/\/wpa-water-treatment.com\/wp-content\/uploads\/2021\/02\/IMG_4137_clean-300x253.jpg 300w, https:\/\/wpa-water-treatment.com\/wp-content\/uploads\/2021\/02\/IMG_4137_clean-768x648.jpg 768w, https:\/\/wpa-water-treatment.com\/wp-content\/uploads\/2021\/02\/IMG_4137_clean-14x12.jpg 14w, https:\/\/wpa-water-treatment.com\/wp-content\/uploads\/2021\/02\/IMG_4137_clean.jpg 1080w\" sizes=\"(max-width: 1024px) 100vw, 1024px\" \/><\/figure>\n\n\n\n<figure class=\"wp-block-image size-large\"><img loading=\"lazy\" decoding=\"async\" width=\"1024\" height=\"683\" data-id=\"1123\" src=\"https:\/\/wpa-water-treatment.com\/wp-content\/uploads\/2021\/02\/IMG_4141-1024x683.jpg\" alt=\"\" class=\"wp-image-1123\" srcset=\"https:\/\/wpa-water-treatment.com\/wp-content\/uploads\/2021\/02\/IMG_4141-1024x683.jpg 1024w, https:\/\/wpa-water-treatment.com\/wp-content\/uploads\/2021\/02\/IMG_4141-300x200.jpg 300w, https:\/\/wpa-water-treatment.com\/wp-content\/uploads\/2021\/02\/IMG_4141-768x512.jpg 768w, https:\/\/wpa-water-treatment.com\/wp-content\/uploads\/2021\/02\/IMG_4141-16x12.jpg 16w, https:\/\/wpa-water-treatment.com\/wp-content\/uploads\/2021\/02\/IMG_4141.jpg 1080w\" sizes=\"(max-width: 1024px) 100vw, 1024px\" \/><figcaption class=\"wp-element-caption\">Entschlammungsanlage mobil im Detail: WodaGarnetClean<\/figcaption><\/figure>\n\n\n\n<figure class=\"wp-block-image size-large\"><img loading=\"lazy\" decoding=\"async\" width=\"972\" height=\"1024\" data-id=\"1120\" src=\"https:\/\/wpa-water-treatment.com\/wp-content\/uploads\/2021\/02\/IMG_4131-972x1024.jpg\" alt=\"\" class=\"wp-image-1120\" srcset=\"https:\/\/wpa-water-treatment.com\/wp-content\/uploads\/2021\/02\/IMG_4131-972x1024.jpg 972w, https:\/\/wpa-water-treatment.com\/wp-content\/uploads\/2021\/02\/IMG_4131-285x300.jpg 285w, https:\/\/wpa-water-treatment.com\/wp-content\/uploads\/2021\/02\/IMG_4131-768x809.jpg 768w, https:\/\/wpa-water-treatment.com\/wp-content\/uploads\/2021\/02\/IMG_4131-11x12.jpg 11w, https:\/\/wpa-water-treatment.com\/wp-content\/uploads\/2021\/02\/IMG_4131.jpg 1019w\" sizes=\"(max-width: 972px) 100vw, 972px\" \/><\/figure>\n\n\n\n<figure class=\"wp-block-image size-large\"><img loading=\"lazy\" decoding=\"async\" width=\"1024\" height=\"684\" data-id=\"1128\" src=\"https:\/\/wpa-water-treatment.com\/wp-content\/uploads\/2021\/02\/IMG_4143-1024x684.jpg\" alt=\"\" class=\"wp-image-1128\" srcset=\"https:\/\/wpa-water-treatment.com\/wp-content\/uploads\/2021\/02\/IMG_4143-1024x684.jpg 1024w, https:\/\/wpa-water-treatment.com\/wp-content\/uploads\/2021\/02\/IMG_4143-300x200.jpg 300w, https:\/\/wpa-water-treatment.com\/wp-content\/uploads\/2021\/02\/IMG_4143-768x513.jpg 768w, https:\/\/wpa-water-treatment.com\/wp-content\/uploads\/2021\/02\/IMG_4143-16x12.jpg 16w, https:\/\/wpa-water-treatment.com\/wp-content\/uploads\/2021\/02\/IMG_4143.jpg 1080w\" sizes=\"(max-width: 1024px) 100vw, 1024px\" \/><\/figure>\n\n\n\n<figure class=\"wp-block-image size-large\"><img loading=\"lazy\" decoding=\"async\" width=\"1024\" height=\"768\" data-id=\"920\" src=\"https:\/\/wpa-water-treatment.com\/wp-content\/uploads\/2020\/11\/WodaGarnetClean2-e1534180491863-1024x768.jpg\" alt=\"\" class=\"wp-image-920\" srcset=\"https:\/\/wpa-water-treatment.com\/wp-content\/uploads\/2020\/11\/WodaGarnetClean2-e1534180491863-1024x768.jpg 1024w, https:\/\/wpa-water-treatment.com\/wp-content\/uploads\/2020\/11\/WodaGarnetClean2-e1534180491863-300x225.jpg 300w, https:\/\/wpa-water-treatment.com\/wp-content\/uploads\/2020\/11\/WodaGarnetClean2-e1534180491863-768x576.jpg 768w, https:\/\/wpa-water-treatment.com\/wp-content\/uploads\/2020\/11\/WodaGarnetClean2-e1534180491863-16x12.jpg 16w, https:\/\/wpa-water-treatment.com\/wp-content\/uploads\/2020\/11\/WodaGarnetClean2-e1534180491863.jpg 1280w\" sizes=\"(max-width: 1024px) 100vw, 1024px\" \/><\/figure>\n<\/figure>\n\n\n\n<h4 class=\"wp-block-heading\" id=\"unsere-losung-fur-ihr-problem-wodagarnetclean-unsere-anlage-zur-entschlammung\"><strong>Unsere L\u00f6sung f\u00fcr Ihr Problem: WodaGarnetClean unsere Anlage zur Entschlammung<\/strong><\/h4>\n\n\n\n<div class=\"wp-block-columns is-layout-flex wp-container-core-columns-is-layout-2 wp-block-columns-is-layout-flex\">\n<div class=\"wp-block-column is-layout-flow wp-block-column-is-layout-flow\">\n<p>Za pomoc\u0105 mobilnego systemu r\u0119cznego do r\u0119cznego usuwania \u015brodka \u015bciernego WodaGarnetClean mo\u017cna szybko i \u0142atwo usun\u0105\u0107 szlam \u015bcierny z ka\u017cdego systemu ci\u0119cia strumieniem wody. Kompletny system do usuwania szlamu wymaga jedynie spr\u0119\u017conego powietrza (2-6 bar\u00f3w) i mo\u017ce by\u0107 stosowany bezstopniowo tam, gdzie jest to potrzebne.<\/p>\n\n\n\n<p>Za pomoc\u0105 lancy ss\u0105cej woda jest pompowana do osadzonego piasku w celu wymieszania stwardnia\u0142ej masy. Nast\u0119pnie mieszanka wodno-piaskowa jest zasysana i pompowana do zbiornika zbiorczego. Piasek i gruboziarniste cz\u0105stki zawiesiny osadzaj\u0105 si\u0119 w worku z zawiesin\u0105 tkaniny filtracyjnej (mo\u017cna zam\u00f3wi\u0107 u sprzedawcy). Woda mo\u017ce by\u0107 pompowana z powrotem do zbiornika na wod\u0119, a nape\u0142niony worek z tkaniny filtracyjnej mo\u017ce by\u0107 usuni\u0119ty za pomoc\u0105 w\u00f3zka wid\u0142owego.<br><\/p>\n<\/div>\n\n\n\n<div class=\"wp-block-column is-layout-flow wp-block-column-is-layout-flow\">\n<iframe loading=\"lazy\" src=\"https:\/\/www.youtube-nocookie.com\/embed\/6zcPBcfmOI0\" title=\"YouTube video player\" allow=\"accelerometer; autoplay; clipboard-write; encrypted-media; gyroscope; picture-in-picture\" allowfullscreen=\"\" width=\"560\" height=\"315\" frameborder=\"0\"><\/iframe>\n<\/div>\n<\/div>\n\n\n\n<div class=\"ghostkit-icon-box ghostkit-custom-Z2sjYaV\"><div class=\"ghostkit-icon-box-icon ghostkit-icon-box-icon-align-left\"><svg class=\"ghostkit-svg-icon ghostkit-svg-icon-fa\" aria-hidden=\"true\" role=\"img\" xmlns=\"http:\/\/www.w3.org\/2000\/svg\" viewbox=\"0 0 352 512\"><path fill=\"currentColor\" d=\"M176 80c-52.94 0-96 43.06-96 96 0 8.84 7.16 16 16 16s16-7.16 16-16c0-35.3 28.72-64 64-64 8.84 0 16-7.16 16-16s-7.16-16-16-16zM96.06 459.17c0 3.15.93 6.22 2.68 8.84l24.51 36.84c2.97 4.46 7.97 7.14 13.32 7.14h78.85c5.36 0 10.36-2.68 13.32-7.14l24.51-36.84c1.74-2.62 2.67-5.7 2.68-8.84l.05-43.18H96.02l.04 43.18zM176 0C73.72 0 0 82.97 0 176c0 44.37 16.45 84.85 43.56 115.78 16.64 18.99 42.74 58.8 52.42 92.16v.06h48v-.12c-.01-4.77-.72-9.51-2.15-14.07-5.59-17.81-22.82-64.77-62.17-109.67-20.54-23.43-31.52-53.15-31.61-84.14-.2-73.64 59.67-128 127.95-128 70.58 0 128 57.42 128 128 0 30.97-11.24 60.85-31.65 84.14-39.11 44.61-56.42 91.47-62.1 109.46a47.507 47.507 0 0 0-2.22 14.3v.1h48v-.05c9.68-33.37 35.78-73.18 52.42-92.16C335.55 260.85 352 220.37 352 176 352 78.8 273.2 0 176 0z\"><\/path><\/svg><\/div><div class=\"ghostkit-icon-box-content is-layout-flow wp-block-icon-box-is-layout-flow\">\n<p><strong>Za pomoc\u0105 WodaGarnetClean mo\u017cna przepompowa\u0107 3-4 m3 wody na godzin\u0119 i w ten spos\u00f3b odfiltrowa\u0107 do 1 t \u015bcierniwa na godzin\u0119.<br>Pojemnik o wymiarach np. 4x2m mo\u017cna wyczy\u015bci\u0107 w ci\u0105gu ok. 3h.<\/strong><\/p>\n<\/div><\/div>\n\n\n\n<div class=\"wp-block-buttons is-layout-flex wp-block-buttons-is-layout-flex\">\n<div class=\"wp-block-button\"><a class=\"wp-block-button__link wp-element-button\" href=\"https:\/\/wpa-shop.com\/de\/shop\/wodagarnetclean\/\" rel=\"noopener\">Artikel im Shop anschauen<\/a><\/div>\n<\/div>\n\n\n\n<div class=\"wp-block-buttons is-layout-flex wp-block-buttons-is-layout-flex\">\n<div class=\"wp-block-button\"><a class=\"wp-block-button__link wp-element-button\" href=\"https:\/\/wpa-water-treatment.com\/pl\/entschlammungsanlage-mobil\/\">Artyku\u0142y o mobilnych urz\u0105dzeniach odmulaj\u0105cych (GER + ENG) <\/a><\/div>\n\n\n\n<div class=\"wp-block-button\"><a class=\"wp-block-button__link wp-element-button\" href=\"https:\/\/wpa-water-treatment.com\/pl\/entschlammungsanlage\/\">Artyku\u0142y o mobilnych urz\u0105dzeniach odmulaj\u0105cych (GER + ENG)<\/a><\/div>\n<\/div>","protected":false},"excerpt":{"rendered":"<p>Abrasiv Entschlammungsanlage WodaGarnetClean Anlage zur Entschlammung des Schneidbeckens Bei der Wasserstrahlproduktion wird der Abrasiv-Schlamm (Sand\/Schleifmittel) im Schneidbecken abgelagert, so dass es sehr oft einer umfangreichen Reinigung bedarf. Dar\u00fcber hinaus ist das Wasser mit Schadstoffen belastet &#8211; doch gesetzliche Normen schreiben vor, was in die Kanalisation eingeleitet werden darf. Mit den Produkten unserer Woda-Serie unterst\u00fctzen wir [&hellip;]<\/p>\n","protected":false},"author":2,"featured_media":0,"parent":0,"menu_order":0,"comment_status":"closed","ping_status":"closed","template":"","meta":{"ghostkit_customizer_options":"","ghostkit_custom_css":"","ghostkit_custom_js_head":"","ghostkit_custom_js_foot":"","ghostkit_typography":"","site-sidebar-layout":"default","site-content-layout":"default","ast-site-content-layout":"","site-content-style":"default","site-sidebar-style":"default","ast-global-header-display":"","ast-banner-title-visibility":"","ast-main-header-display":"","ast-hfb-above-header-display":"","ast-hfb-below-header-display":"","ast-hfb-mobile-header-display":"","site-post-title":"disabled","ast-breadcrumbs-content":"","ast-featured-img":"","footer-sml-layout":"","theme-transparent-header-meta":"default","adv-header-id-meta":"","stick-header-meta":"default","header-above-stick-meta":"","header-main-stick-meta":"","header-below-stick-meta":"","astra-migrate-meta-layouts":"default","ast-page-background-enabled":"default","ast-page-background-meta":{"desktop":{"background-color":"","background-image":"","background-repeat":"repeat","background-position":"center center","background-size":"auto","background-attachment":"scroll","background-type":"","background-media":"","overlay-type":"","overlay-color":"","overlay-gradient":""},"tablet":{"background-color":"","background-image":"","background-repeat":"repeat","background-position":"center center","background-size":"auto","background-attachment":"scroll","background-type":"","background-media":"","overlay-type":"","overlay-color":"","overlay-gradient":""},"mobile":{"background-color":"","background-image":"","background-repeat":"repeat","background-position":"center center","background-size":"auto","background-attachment":"scroll","background-type":"","background-media":"","overlay-type":"","overlay-color":"","overlay-gradient":""}},"ast-content-background-meta":{"desktop":{"background-color":"var(--ast-global-color-5)","background-image":"","background-repeat":"repeat","background-position":"center center","background-size":"auto","background-attachment":"scroll","background-type":"","background-media":"","overlay-type":"","overlay-color":"","overlay-gradient":""},"tablet":{"background-color":"var(--ast-global-color-5)","background-image":"","background-repeat":"repeat","background-position":"center center","background-size":"auto","background-attachment":"scroll","background-type":"","background-media":"","overlay-type":"","overlay-color":"","overlay-gradient":""},"mobile":{"background-color":"var(--ast-global-color-5)","background-image":"","background-repeat":"repeat","background-position":"center center","background-size":"auto","background-attachment":"scroll","background-type":"","background-media":"","overlay-type":"","overlay-color":"","overlay-gradient":""}},"footnotes":""},"_links":{"self":[{"href":"https:\/\/wpa-water-treatment.com\/pl\/wp-json\/wp\/v2\/pages\/1010"}],"collection":[{"href":"https:\/\/wpa-water-treatment.com\/pl\/wp-json\/wp\/v2\/pages"}],"about":[{"href":"https:\/\/wpa-water-treatment.com\/pl\/wp-json\/wp\/v2\/types\/page"}],"author":[{"embeddable":true,"href":"https:\/\/wpa-water-treatment.com\/pl\/wp-json\/wp\/v2\/users\/2"}],"replies":[{"embeddable":true,"href":"https:\/\/wpa-water-treatment.com\/pl\/wp-json\/wp\/v2\/comments?post=1010"}],"version-history":[{"count":9,"href":"https:\/\/wpa-water-treatment.com\/pl\/wp-json\/wp\/v2\/pages\/1010\/revisions"}],"predecessor-version":[{"id":1318,"href":"https:\/\/wpa-water-treatment.com\/pl\/wp-json\/wp\/v2\/pages\/1010\/revisions\/1318"}],"wp:attachment":[{"href":"https:\/\/wpa-water-treatment.com\/pl\/wp-json\/wp\/v2\/media?parent=1010"}],"curies":[{"name":"wp","href":"https:\/\/api.w.org\/{rel}","templated":true}]}}