{"id":1196,"date":"2021-06-22T11:02:37","date_gmt":"2021-06-22T10:02:37","guid":{"rendered":"https:\/\/wpa-water-treatment.com\/?page_id=1196"},"modified":"2023-04-28T14:37:22","modified_gmt":"2023-04-28T13:37:22","slug":"entschlammungsanlage-mobil","status":"publish","type":"page","link":"https:\/\/wpa-water-treatment.com\/ru\/entschlammungsanlage-mobil\/","title":{"rendered":"Entschlammungsanlage mobil"},"content":{"rendered":"<div class=\"wp-block-media-text has-media-on-the-right is-stacked-on-mobile\" style=\"grid-template-columns:auto 42%\"><div class=\"wp-block-media-text__content\">\n<h1 class=\"wp-block-heading\" id=\"entschlammungsanlage-mobil-wodagarnetclean\">Entschlammungsanlage Mobil:<br>WodaGarnetClean<\/h1>\n\n\n\n<p>Unser WodaGarnetClean ist eine mobile Entschlammungsanlage zur Beseitigung von Schlammablagerungen im Schneidbecken w\u00e4hrend des laufenden Schneidbetriebs. WodaGarnetClean wird ausschlie\u00dflich mit Druckluft betrieben und ist durch dieses stromlose Konzept \u00fcberall und ohne Kurzschlussrisiko einsetzbar.<\/p>\n\n\n\n<p>WodaGarnetClean ist die mobile Entschlammungsanlage f\u00fcr Schneidbecken von allen Wasserstrahlschneidanlagen. Das System ist sehr einfach zu bedienen, erfordert keine Schulung und erspart dem Anwender anstrengendes manuelles Ausschaufeln, teure Absaugdienste und langwierige unn\u00f6tige Produktionsunterbrechungen.<\/p>\n<\/div><figure class=\"wp-block-media-text__media\"><img loading=\"lazy\" decoding=\"async\" width=\"966\" height=\"1024\" src=\"https:\/\/wpa-water-treatment.com\/wp-content\/uploads\/2021\/02\/IMG_4118_hell-966x1024.jpg\" alt=\"Entschlammungsanlage mobil\" class=\"wp-image-1119 size-full\" srcset=\"https:\/\/wpa-water-treatment.com\/wp-content\/uploads\/2021\/02\/IMG_4118_hell-966x1024.jpg 966w, https:\/\/wpa-water-treatment.com\/wp-content\/uploads\/2021\/02\/IMG_4118_hell-283x300.jpg 283w, https:\/\/wpa-water-treatment.com\/wp-content\/uploads\/2021\/02\/IMG_4118_hell-768x814.jpg 768w, https:\/\/wpa-water-treatment.com\/wp-content\/uploads\/2021\/02\/IMG_4118_hell-11x12.jpg 11w, https:\/\/wpa-water-treatment.com\/wp-content\/uploads\/2021\/02\/IMG_4118_hell.jpg 1019w\" sizes=\"(max-width: 966px) 100vw, 966px\" \/><\/figure><\/div>\n\n\n\n<div style=\"height:25px\" aria-hidden=\"true\" class=\"wp-block-spacer\"><\/div>\n\n\n\n<pre class=\"wp-block-verse\">Beim Abrasiv-Wasserstrahlschneiden entsteht eine Menge Schlamm, der sich bei dem Schneiden mit einer Wasserstrahlschneidemaschine Tag f\u00fcr Tag im Wasserauffangbeh\u00e4lter ablagert. WodaGarnetClean ist ein Schlammentfernungssystem, das einfach und ohne fehleranf\u00e4llige Elektronik den Schlamm entfernt.<\/pre>\n\n\n\n<p>Alle Unternehmen, welche Wasserstrahlschneideanlagen verwenden, wissen die Vorteile von diesem effizienten und innovativen Verfahren sehr wohl zu sch\u00e4tzen. Doch haben alle Unternehmen auch mit einem Problem zu k\u00e4mpfen: Die Reinigung vom Schneidbecken vom Abrasivschlamm stellt viele vor eine gro\u00dfe Aufgabe. Innerhalb von nur einer Woche k\u00f6nnen sich teilweise bis zu 800 kg Schlamm ansammeln, die Reinigung ist bei vielen Unternehmen noch eine schwere, schwei\u00dftreibende Aufgabe. Meistens muss der angefallene Schlamm aufwendig  manuell aus der Schneidbecken geschaufelt werden.<\/p>\n\n\n\n<p>Nat\u00fcrlich kann auch ein Dienstleister damit beauftragt werden die Wasserstrahlschneideanlage zu entschlammen, doch sind diese Firmen in der Regel ziemlich teuer. Wir haben eine L\u00f6sung entwickelt, die all diese Probleme bek\u00e4mpft und ohne aufwendige elektronische Anlagen Ihnen den Alltag erleichtert. Unser Produkt WodaGarnetClean, eine mobile Entschlammungsanlage entfernt umweltfreundlich s\u00e4mtlichen Abrasivschlamm.<\/p>\n\n\n\n<h2 class=\"wp-block-heading\" id=\"wodagarnetclean-entschlammungsanlage-mobil\">WodaGarnetClean &#8211; Entschlammungsanlage Mobil<\/h2>\n\n\n\n<figure class=\"wp-block-gallery has-nested-images columns-3 is-cropped wp-block-gallery-1 is-layout-flex wp-block-gallery-is-layout-flex\">\n<figure class=\"wp-block-image size-large\"><img loading=\"lazy\" decoding=\"async\" width=\"966\" height=\"1024\" data-id=\"1119\" src=\"https:\/\/wpa-water-treatment.com\/wp-content\/uploads\/2021\/02\/IMG_4118_hell-966x1024.jpg\" alt=\"Entschlammungsanlage mobil\" class=\"wp-image-1119\" srcset=\"https:\/\/wpa-water-treatment.com\/wp-content\/uploads\/2021\/02\/IMG_4118_hell-966x1024.jpg 966w, https:\/\/wpa-water-treatment.com\/wp-content\/uploads\/2021\/02\/IMG_4118_hell-283x300.jpg 283w, https:\/\/wpa-water-treatment.com\/wp-content\/uploads\/2021\/02\/IMG_4118_hell-768x814.jpg 768w, https:\/\/wpa-water-treatment.com\/wp-content\/uploads\/2021\/02\/IMG_4118_hell-11x12.jpg 11w, https:\/\/wpa-water-treatment.com\/wp-content\/uploads\/2021\/02\/IMG_4118_hell.jpg 1019w\" sizes=\"(max-width: 966px) 100vw, 966px\" \/><figcaption class=\"wp-element-caption\">Entschlammungsanlage mobil<\/figcaption><\/figure>\n\n\n\n<figure class=\"wp-block-image size-large\"><img loading=\"lazy\" decoding=\"async\" width=\"1024\" height=\"864\" data-id=\"1122\" src=\"https:\/\/wpa-water-treatment.com\/wp-content\/uploads\/2021\/02\/IMG_4137_clean-1024x864.jpg\" alt=\"\" class=\"wp-image-1122\" srcset=\"https:\/\/wpa-water-treatment.com\/wp-content\/uploads\/2021\/02\/IMG_4137_clean-1024x864.jpg 1024w, https:\/\/wpa-water-treatment.com\/wp-content\/uploads\/2021\/02\/IMG_4137_clean-300x253.jpg 300w, https:\/\/wpa-water-treatment.com\/wp-content\/uploads\/2021\/02\/IMG_4137_clean-768x648.jpg 768w, https:\/\/wpa-water-treatment.com\/wp-content\/uploads\/2021\/02\/IMG_4137_clean-14x12.jpg 14w, https:\/\/wpa-water-treatment.com\/wp-content\/uploads\/2021\/02\/IMG_4137_clean.jpg 1080w\" sizes=\"(max-width: 1024px) 100vw, 1024px\" \/><\/figure>\n\n\n\n<figure class=\"wp-block-image size-large\"><img loading=\"lazy\" decoding=\"async\" width=\"1024\" height=\"683\" data-id=\"1123\" src=\"https:\/\/wpa-water-treatment.com\/wp-content\/uploads\/2021\/02\/IMG_4141-1024x683.jpg\" alt=\"\" class=\"wp-image-1123\" srcset=\"https:\/\/wpa-water-treatment.com\/wp-content\/uploads\/2021\/02\/IMG_4141-1024x683.jpg 1024w, https:\/\/wpa-water-treatment.com\/wp-content\/uploads\/2021\/02\/IMG_4141-300x200.jpg 300w, https:\/\/wpa-water-treatment.com\/wp-content\/uploads\/2021\/02\/IMG_4141-768x512.jpg 768w, https:\/\/wpa-water-treatment.com\/wp-content\/uploads\/2021\/02\/IMG_4141-16x12.jpg 16w, https:\/\/wpa-water-treatment.com\/wp-content\/uploads\/2021\/02\/IMG_4141.jpg 1080w\" sizes=\"(max-width: 1024px) 100vw, 1024px\" \/><figcaption class=\"wp-element-caption\">Entschlammungsanlage mobil im Detail: WodaGarnetClean<\/figcaption><\/figure>\n<\/figure>\n\n\n\n<div style=\"height:15px\" aria-hidden=\"true\" class=\"wp-block-spacer\"><\/div>\n\n\n\n<div class=\"wp-block-buttons is-horizontal is-content-justification-center is-layout-flex wp-container-core-buttons-is-layout-1 wp-block-buttons-is-layout-flex\">\n<div class=\"wp-block-button\"><a class=\"wp-block-button__link wp-element-button\" href=\"https:\/\/wpa-shop.com\/de\/shop\/wodagarnetclean\/\" rel=\"noopener\">WodaGarnetClean im Shop betrachten<\/a><\/div>\n\n\n\n<div class=\"wp-block-button\"><a class=\"wp-block-button__link wp-element-button\" href=\"https:\/\/wpa-water-treatment.com\/ru\/wodagarnetclean-2\/\">Mehr \u00fcber WodaGarnetClean erfahren<\/a><\/div>\n<\/div>\n\n\n\n<div style=\"height:15px\" aria-hidden=\"true\" class=\"wp-block-spacer\"><\/div>\n\n\n\n<h2 class=\"wp-block-heading\" id=\"abrasivschlamm-entfernen-mit-wodagarnetclean\">Abrasivschlamm entfernen mit WodaGarnetClean<\/h2>\n\n\n\n<p>Mit unserem mobilen manuellen System zur manuellen Entfernung von Abrasivmittel WodaGarnetClean entfernen Sie schnell und einfach Abrasiv Schlamm von absolut jeder Wasserstrahlschneidanlage. Die komplette Entschlammungsanlage ben\u00f6tigt nur Druckluft (2-6 bar) und kann variabel \u00fcberall eingesetzt werden, wo sie ben\u00f6tigt wird. Gerne geraten wir Sie per Telefon oder E-Mail, wenn Sie weitere Infos bez\u00fcglich WodaGarnetClean ben\u00f6tigen. Auch bei jeglichen anderen Fragen, rund um das Thema Wasserstrahlschneiden, stehen wir f\u00fcr Sie bereit.<\/p>","protected":false},"excerpt":{"rendered":"<p>Entschlammungsanlage Mobil:WodaGarnetClean Unser WodaGarnetClean ist eine mobile Entschlammungsanlage zur Beseitigung von Schlammablagerungen im Schneidbecken w\u00e4hrend des laufenden Schneidbetriebs. WodaGarnetClean wird ausschlie\u00dflich mit Druckluft betrieben und ist durch dieses stromlose Konzept \u00fcberall und ohne Kurzschlussrisiko einsetzbar. WodaGarnetClean ist die mobile Entschlammungsanlage f\u00fcr Schneidbecken von allen Wasserstrahlschneidanlagen. Das System ist sehr einfach zu bedienen, erfordert keine Schulung [&hellip;]<\/p>\n","protected":false},"author":2,"featured_media":0,"parent":0,"menu_order":0,"comment_status":"closed","ping_status":"closed","template":"","meta":{"ghostkit_customizer_options":"","ghostkit_custom_css":"","ghostkit_custom_js_head":"","ghostkit_custom_js_foot":"","ghostkit_typography":"","site-sidebar-layout":"default","site-content-layout":"default","ast-site-content-layout":"","site-content-style":"default","site-sidebar-style":"default","ast-global-header-display":"","ast-banner-title-visibility":"","ast-main-header-display":"","ast-hfb-above-header-display":"","ast-hfb-below-header-display":"","ast-hfb-mobile-header-display":"","site-post-title":"disabled","ast-breadcrumbs-content":"","ast-featured-img":"","footer-sml-layout":"","theme-transparent-header-meta":"default","adv-header-id-meta":"","stick-header-meta":"default","header-above-stick-meta":"","header-main-stick-meta":"","header-below-stick-meta":"","astra-migrate-meta-layouts":"default","ast-page-background-enabled":"default","ast-page-background-meta":{"desktop":{"background-color":"","background-image":"","background-repeat":"repeat","background-position":"center center","background-size":"auto","background-attachment":"scroll","background-type":"","background-media":"","overlay-type":"","overlay-color":"","overlay-gradient":""},"tablet":{"background-color":"","background-image":"","background-repeat":"repeat","background-position":"center center","background-size":"auto","background-attachment":"scroll","background-type":"","background-media":"","overlay-type":"","overlay-color":"","overlay-gradient":""},"mobile":{"background-color":"","background-image":"","background-repeat":"repeat","background-position":"center center","background-size":"auto","background-attachment":"scroll","background-type":"","background-media":"","overlay-type":"","overlay-color":"","overlay-gradient":""}},"ast-content-background-meta":{"desktop":{"background-color":"var(--ast-global-color-5)","background-image":"","background-repeat":"repeat","background-position":"center center","background-size":"auto","background-attachment":"scroll","background-type":"","background-media":"","overlay-type":"","overlay-color":"","overlay-gradient":""},"tablet":{"background-color":"var(--ast-global-color-5)","background-image":"","background-repeat":"repeat","background-position":"center center","background-size":"auto","background-attachment":"scroll","background-type":"","background-media":"","overlay-type":"","overlay-color":"","overlay-gradient":""},"mobile":{"background-color":"var(--ast-global-color-5)","background-image":"","background-repeat":"repeat","background-position":"center center","background-size":"auto","background-attachment":"scroll","background-type":"","background-media":"","overlay-type":"","overlay-color":"","overlay-gradient":""}},"footnotes":""},"_links":{"self":[{"href":"https:\/\/wpa-water-treatment.com\/ru\/wp-json\/wp\/v2\/pages\/1196"}],"collection":[{"href":"https:\/\/wpa-water-treatment.com\/ru\/wp-json\/wp\/v2\/pages"}],"about":[{"href":"https:\/\/wpa-water-treatment.com\/ru\/wp-json\/wp\/v2\/types\/page"}],"author":[{"embeddable":true,"href":"https:\/\/wpa-water-treatment.com\/ru\/wp-json\/wp\/v2\/users\/2"}],"replies":[{"embeddable":true,"href":"https:\/\/wpa-water-treatment.com\/ru\/wp-json\/wp\/v2\/comments?post=1196"}],"version-history":[{"count":10,"href":"https:\/\/wpa-water-treatment.com\/ru\/wp-json\/wp\/v2\/pages\/1196\/revisions"}],"predecessor-version":[{"id":1311,"href":"https:\/\/wpa-water-treatment.com\/ru\/wp-json\/wp\/v2\/pages\/1196\/revisions\/1311"}],"wp:attachment":[{"href":"https:\/\/wpa-water-treatment.com\/ru\/wp-json\/wp\/v2\/media?parent=1196"}],"curies":[{"name":"wp","href":"https:\/\/api.w.org\/{rel}","templated":true}]}}